{"id":106,"date":"2025-04-10T18:48:08","date_gmt":"2025-04-10T18:48:08","guid":{"rendered":"https:\/\/greenedu-project.eu\/?page_id=106"},"modified":"2025-11-17T06:54:09","modified_gmt":"2025-11-17T06:54:09","slug":"about-us-old","status":"publish","type":"page","link":"https:\/\/greenedu-project.eu\/et\/home\/about-us-old\/","title":{"rendered":"About us &#8211; Old"},"content":{"rendered":"<div data-elementor-type=\"wp-page\" data-elementor-id=\"106\" class=\"elementor elementor-106\">\n\t\t\t\t<div class=\"elementor-element elementor-element-a6eb4e9 e-flex e-con-boxed e-con e-parent\" data-id=\"a6eb4e9\" data-element_type=\"container\" data-e-type=\"container\">\n\t\t\t\t\t<div class=\"e-con-inner\">\n\t\t\t\t<div class=\"elementor-element elementor-element-6c6add7 e-n-tabs-mobile elementor-widget elementor-widget-n-tabs\" data-id=\"6c6add7\" data-element_type=\"widget\" data-e-type=\"widget\" data-settings=\"{&quot;horizontal_scroll&quot;:&quot;disable&quot;}\" data-widget_type=\"nested-tabs.default\">\n\t\t\t\t<div class=\"elementor-widget-container\">\n\t\t\t\t\t\t\t<div class=\"e-n-tabs\" data-widget-number=\"113683927\" aria-label=\"Tabbladen. Open items met Enter of Spatie, sluit met Escape en navigeer met de pijltjestoetsen.\" data-no-translation-aria-label=\"\">\n\t\t\t<div class=\"e-n-tabs-heading\" role=\"tablist\">\n\t\t\t\t\t<button id=\"e-n-tab-title-1136839271\" data-tab-title-id=\"e-n-tab-title-1136839271\" class=\"e-n-tab-title\" aria-selected=\"true\" data-tab-index=\"1\" role=\"tab\" tabindex=\"0\" aria-controls=\"e-n-tab-content-1136839271\" style=\"--n-tabs-title-order: 1;\">\n\t\t\t\t\t\t<span class=\"e-n-tab-title-text\">\n\t\t\t\tMeist\t\t\t<\/span>\n\t\t<\/button>\n\t\t\t\t<button id=\"e-n-tab-title-1136839272\" data-tab-title-id=\"e-n-tab-title-1136839272\" class=\"e-n-tab-title\" aria-selected=\"false\" data-tab-index=\"2\" role=\"tab\" tabindex=\"-1\" aria-controls=\"e-n-tab-content-1136839272\" style=\"--n-tabs-title-order: 2;\">\n\t\t\t\t\t\t<span class=\"e-n-tab-title-text\">\n\t\t\t\tEesm\u00e4rgid\t\t\t<\/span>\n\t\t<\/button>\n\t\t\t\t<button id=\"e-n-tab-title-1136839273\" data-tab-title-id=\"e-n-tab-title-1136839273\" class=\"e-n-tab-title\" aria-selected=\"false\" data-tab-index=\"3\" role=\"tab\" tabindex=\"-1\" aria-controls=\"e-n-tab-content-1136839273\" style=\"--n-tabs-title-order: 3;\">\n\t\t\t\t\t\t<span class=\"e-n-tab-title-text\">\n\t\t\t\t Target Groups\t\t\t<\/span>\n\t\t<\/button>\n\t\t\t\t\t<\/div>\n\t\t\t<div class=\"e-n-tabs-content\">\n\t\t\t\t<div id=\"e-n-tab-content-1136839271\" role=\"tabpanel\" aria-labelledby=\"e-n-tab-title-1136839271\" data-tab-index=\"1\" style=\"--n-tabs-title-order: 1;\" class=\"e-active elementor-element elementor-element-03001ee e-flex e-con-boxed e-con e-child\" data-id=\"03001ee\" data-element_type=\"container\" data-e-type=\"container\">\n\t\t\t\t\t<div class=\"e-con-inner\">\n\t\t<div class=\"elementor-element elementor-element-93573f5 e-con-full e-flex e-con e-child\" data-id=\"93573f5\" data-element_type=\"container\" data-e-type=\"container\">\n\t\t<div class=\"elementor-element elementor-element-5a5d0b0 e-con-full e-flex e-con e-child\" data-id=\"5a5d0b0\" data-element_type=\"container\" data-e-type=\"container\">\n\t\t<div class=\"elementor-element elementor-element-70c3c57 e-con-full e-flex e-con e-child\" data-id=\"70c3c57\" data-element_type=\"container\" data-e-type=\"container\">\n\t\t<div class=\"elementor-element elementor-element-fdf66fa e-con-full e-flex e-con e-child\" data-id=\"fdf66fa\" data-element_type=\"container\" data-e-type=\"container\">\n\t\t<div class=\"elementor-element elementor-element-cf96de8 e-con-full e-flex e-con e-child\" data-id=\"cf96de8\" data-element_type=\"container\" data-e-type=\"container\">\n\t\t\t\t<div class=\"elementor-element elementor-element-f167ff8 elementor-view-framed elementor-shape-circle elementor-widget elementor-widget-icon\" data-id=\"f167ff8\" data-element_type=\"widget\" data-e-type=\"widget\" data-widget_type=\"icon.default\">\n\t\t\t\t<div class=\"elementor-widget-container\">\n\t\t\t\t\t\t\t<div class=\"elementor-icon-wrapper\">\n\t\t\t<div class=\"elementor-icon\">\n\t\t\t<svg aria-hidden=\"true\" class=\"e-font-icon-svg e-fas-angle-double-right\" viewbox=\"0 0 448 512\" xmlns=\"http:\/\/www.w3.org\/2000\/svg\"><path d=\"M224.3 273l-136 136c-9.4 9.4-24.6 9.4-33.9 0l-22.6-22.6c-9.4-9.4-9.4-24.6 0-33.9l96.4-96.4-96.4-96.4c-9.4-9.4-9.4-24.6 0-33.9L54.3 103c9.4-9.4 24.6-9.4 33.9 0l136 136c9.5 9.4 9.5 24.6.1 34zm192-34l-136-136c-9.4-9.4-24.6-9.4-33.9 0l-22.6 22.6c-9.4 9.4-9.4 24.6 0 33.9l96.4 96.4-96.4 96.4c-9.4 9.4-9.4 24.6 0 33.9l22.6 22.6c9.4 9.4 24.6 9.4 33.9 0l136-136c9.4-9.2 9.4-24.4 0-33.8z\"><\/path><\/svg>\t\t\t<\/div>\n\t\t<\/div>\n\t\t\t\t\t\t<\/div>\n\t\t\t\t<\/div>\n\t\t\t\t<div class=\"elementor-element elementor-element-bd47f50 elementor-widget elementor-widget-heading\" data-id=\"bd47f50\" data-element_type=\"widget\" data-e-type=\"widget\" data-widget_type=\"heading.default\">\n\t\t\t\t<div class=\"elementor-widget-container\">\n\t\t\t\t\t<h2 class=\"elementor-heading-title elementor-size-default\">Roheoskused on v\u00f5tmet\u00e4htsusega, et toetada \u00fcleminekut rohemajandusele ja j\u00e4tkusuutlikule tulevikule.<\/h2>\t\t\t\t<\/div>\n\t\t\t\t<\/div>\n\t\t\t\t<\/div>\n\t\t<div class=\"elementor-element elementor-element-f0b2217 e-con-full e-flex e-con e-child\" data-id=\"f0b2217\" data-element_type=\"container\" data-e-type=\"container\">\n\t\t\t\t<div class=\"elementor-element elementor-element-56531e3 elementor-widget elementor-widget-heading\" data-id=\"56531e3\" data-element_type=\"widget\" data-e-type=\"widget\" data-widget_type=\"heading.default\">\n\t\t\t\t<div class=\"elementor-widget-container\">\n\t\t\t\t\t<h4 class=\"elementor-heading-title elementor-size-default\">\nGreenEDU projekt pakub uuenduslikke vahendeid ja strateegiaid k\u00f5rghariduse \u00f5ppej\u00f5ududele ja \u00fcli\u00f5pilastele roheoskuste \u00f5petamiseks.<\/h4>\t\t\t\t<\/div>\n\t\t\t\t<\/div>\n\t\t\t\t<div class=\"elementor-element elementor-element-9d3aa47 elementor-widget-divider--view-line elementor-widget elementor-widget-divider\" data-id=\"9d3aa47\" data-element_type=\"widget\" data-e-type=\"widget\" data-widget_type=\"divider.default\">\n\t\t\t\t<div class=\"elementor-widget-container\">\n\t\t\t\t\t\t\t<div class=\"elementor-divider\">\n\t\t\t<span class=\"elementor-divider-separator\">\n\t\t\t\t\t\t<\/span>\n\t\t<\/div>\n\t\t\t\t\t\t<\/div>\n\t\t\t\t<\/div>\n\t\t\t\t<div class=\"elementor-element elementor-element-67489b5 elementor-widget elementor-widget-text-editor\" data-id=\"67489b5\" data-element_type=\"widget\" data-e-type=\"widget\" data-widget_type=\"text-editor.default\">\n\t\t\t\t<div class=\"elementor-widget-container\">\n\t\t\t\t\t\t\t\t\t<h5><b>GreenEDU projekt pakub uuenduslikke vahendeid ja strateegiaid k\u00f5rghariduse \u00f5ppej\u00f5ududele ja \u00fcli\u00f5pilastele oluliste roheoskuste \u00f5petamiseks.<\/b><\/h5>\t\t\t\t\t\t\t\t<\/div>\n\t\t\t\t<\/div>\n\t\t\t\t<div class=\"elementor-element elementor-element-c340de7 elementor-widget elementor-widget-text-editor\" data-id=\"c340de7\" data-element_type=\"widget\" data-e-type=\"widget\" data-widget_type=\"text-editor.default\">\n\t\t\t\t<div class=\"elementor-widget-container\">\n\t\t\t\t\t\t\t\t\t<p>Roheoskuste lisamine k\u00f5rghariduse \u00f5ppekavadesse suurendab l\u00f5petajate t\u00f6\u00f6alast konkurentsiv\u00f5imet ja on koosk\u00f5las t\u00f6\u00f6turu arenevate n\u00f5udmistega.<\/p>\t\t\t\t\t\t\t\t<\/div>\n\t\t\t\t<\/div>\n\t\t\t\t<div class=\"elementor-element elementor-element-68ec139 elementor-widget elementor-widget-text-editor\" data-id=\"68ec139\" data-element_type=\"widget\" data-e-type=\"widget\" data-widget_type=\"text-editor.default\">\n\t\t\t\t<div class=\"elementor-widget-container\">\n\t\t\t\t\t\t\t\t\t<p>Projekt h\u00f5lmab rakendustegevusi, pilootseminare ja -katseid, et tagada \u00f5ppekavade asjakohasus ja edukus. Lisaks korraldatakse neli reklaam\u00fcritust, et jagada projekti tulemusi \u00fcldsusega ja suurendada n\u00e4htavust.<\/p>\t\t\t\t\t\t\t\t<\/div>\n\t\t\t\t<\/div>\n\t\t\t\t<\/div>\n\t\t\t\t<\/div>\n\t\t\t\t<\/div>\n\t\t\t\t<\/div>\n\t\t\t\t<\/div>\n\t\t\t\t\t<\/div>\n\t\t\t\t<\/div>\n\t\t<div id=\"e-n-tab-content-1136839272\" role=\"tabpanel\" aria-labelledby=\"e-n-tab-title-1136839272\" data-tab-index=\"2\" style=\"--n-tabs-title-order: 2;\" class=\"elementor-element elementor-element-b48180f e-con-full e-flex e-con e-child\" data-id=\"b48180f\" data-element_type=\"container\" data-e-type=\"container\">\n\t\t<div class=\"elementor-element elementor-element-ce67d11 e-con-full e-flex e-con e-child\" data-id=\"ce67d11\" data-element_type=\"container\" data-e-type=\"container\">\n\t\t\t\t<div class=\"elementor-element elementor-element-f5fc12b elementor-widget elementor-widget-spacer\" data-id=\"f5fc12b\" data-element_type=\"widget\" data-e-type=\"widget\" data-widget_type=\"spacer.default\">\n\t\t\t\t<div class=\"elementor-widget-container\">\n\t\t\t\t\t\t\t<div class=\"elementor-spacer\">\n\t\t\t<div class=\"elementor-spacer-inner\"><\/div>\n\t\t<\/div>\n\t\t\t\t\t\t<\/div>\n\t\t\t\t<\/div>\n\t\t\t\t<div class=\"elementor-element elementor-element-2050988 elementor-widget__width-initial elementor-widget elementor-widget-image\" data-id=\"2050988\" data-element_type=\"widget\" data-e-type=\"widget\" data-widget_type=\"image.default\">\n\t\t\t\t<div class=\"elementor-widget-container\">\n\t\t\t\t\t\t\t\t\t\t\t\t\t\t\t<img fetchpriority=\"high\" decoding=\"async\" width=\"800\" height=\"596\" src=\"https:\/\/greenedu-project.eu\/wp-content\/uploads\/2025\/06\/Objectives-1024x763.png\" class=\"attachment-large size-large wp-image-449\" alt=\"\" srcset=\"https:\/\/greenedu-project.eu\/wp-content\/uploads\/2025\/06\/Objectives-1024x763.png 1024w, https:\/\/greenedu-project.eu\/wp-content\/uploads\/2025\/06\/Objectives-300x224.png 300w, https:\/\/greenedu-project.eu\/wp-content\/uploads\/2025\/06\/Objectives-768x572.png 768w, https:\/\/greenedu-project.eu\/wp-content\/uploads\/2025\/06\/Objectives-1536x1144.png 1536w, https:\/\/greenedu-project.eu\/wp-content\/uploads\/2025\/06\/Objectives-2048x1526.png 2048w, https:\/\/greenedu-project.eu\/wp-content\/uploads\/2025\/06\/Objectives-1320x984.png 1320w\" sizes=\"(max-width: 800px) 100vw, 800px\" \/>\t\t\t\t\t\t\t\t\t\t\t\t\t\t\t<\/div>\n\t\t\t\t<\/div>\n\t\t\t\t<\/div>\n\t\t<div class=\"elementor-element elementor-element-695b5c9 e-con-full e-flex e-con e-child\" data-id=\"695b5c9\" data-element_type=\"container\" data-e-type=\"container\">\n\t\t\t\t<div class=\"elementor-element elementor-element-5d24eb2 elementor-widget elementor-widget-spacer\" data-id=\"5d24eb2\" data-element_type=\"widget\" data-e-type=\"widget\" data-widget_type=\"spacer.default\">\n\t\t\t\t<div class=\"elementor-widget-container\">\n\t\t\t\t\t\t\t<div class=\"elementor-spacer\">\n\t\t\t<div class=\"elementor-spacer-inner\"><\/div>\n\t\t<\/div>\n\t\t\t\t\t\t<\/div>\n\t\t\t\t<\/div>\n\t\t\t\t<div class=\"elementor-element elementor-element-6a23845 elementor-widget__width-initial elementor-widget elementor-widget-text-editor\" data-id=\"6a23845\" data-element_type=\"widget\" data-e-type=\"widget\" data-widget_type=\"text-editor.default\">\n\t\t\t\t<div class=\"elementor-widget-container\">\n\t\t\t\t\t\t\t\t\t<h4><strong>Mida tahame projektiga saavutada?<\/strong><\/h4><p>1. Build the capacity of HE staff to develop and implement the Green Higher Education Action Plan<\/p><p>2. Build the capacity of HE educators to use Mobile Augmented Reality to teach HE students and develop their skills to address the green economy demands<\/p><p>3. Develop green and digital skills in HE students via the project\u2019s activities<\/p><p>4. Increase awareness about the green transition shift and the labour demands to HE students<\/p><p>5. Develop innovative pedagogical learning materials and resources for HE<\/p>\t\t\t\t\t\t\t\t<\/div>\n\t\t\t\t<\/div>\n\t\t\t\t<\/div>\n\t\t\t\t<\/div>\n\t\t<div id=\"e-n-tab-content-1136839273\" role=\"tabpanel\" aria-labelledby=\"e-n-tab-title-1136839273\" data-tab-index=\"3\" style=\"--n-tabs-title-order: 3;\" class=\"elementor-element elementor-element-09b1ffa e-con-full e-flex e-con e-child\" data-id=\"09b1ffa\" data-element_type=\"container\" data-e-type=\"container\">\n\t\t<div class=\"elementor-element elementor-element-bf2f004 e-con-full e-flex e-con e-child\" data-id=\"bf2f004\" data-element_type=\"container\" data-e-type=\"container\">\n\t\t\t\t<div class=\"elementor-element elementor-element-2314915 elementor-widget elementor-widget-spacer\" data-id=\"2314915\" data-element_type=\"widget\" data-e-type=\"widget\" data-widget_type=\"spacer.default\">\n\t\t\t\t<div class=\"elementor-widget-container\">\n\t\t\t\t\t\t\t<div class=\"elementor-spacer\">\n\t\t\t<div class=\"elementor-spacer-inner\"><\/div>\n\t\t<\/div>\n\t\t\t\t\t\t<\/div>\n\t\t\t\t<\/div>\n\t\t\t\t<div class=\"elementor-element elementor-element-a850c75 elementor-widget elementor-widget-text-editor\" data-id=\"a850c75\" data-element_type=\"widget\" data-e-type=\"widget\" data-widget_type=\"text-editor.default\">\n\t\t\t\t<div class=\"elementor-widget-container\">\n\t\t\t\t\t\t\t\t\t<p>T\u00f6\u00f6tubades ja l\u00f5pukonverentsil osaleb v\u00e4hemalt 125 sidusr\u00fchma liiget. \u00dcritused on avalikud. Osalema on oodatud:<\/p><p>\u25cf Higher education educators (instructors, trainee lecturers) in any subject of undergraduate\/postgraduate studies<\/p><p>\u25cf Higher education students from STEM, education and business courses<\/p><p>\u25cf Stakeholders and policymakers active in the fields of HE, green economy, climate change,<\/p><p class=\"translation-block\">\u25cf Representatives from ministries, chambers, social partners, associations, private organizations, educational institutions,&nbsp;<span style=\"font-size: 1rem;\">public and private<\/span><\/p>\t\t\t\t\t\t\t\t<\/div>\n\t\t\t\t<\/div>\n\t\t\t\t<\/div>\n\t\t<div class=\"elementor-element elementor-element-de0ad43 e-con-full e-flex e-con e-child\" data-id=\"de0ad43\" data-element_type=\"container\" data-e-type=\"container\">\n\t\t\t\t<div class=\"elementor-element elementor-element-51c599d elementor-widget elementor-widget-spacer\" data-id=\"51c599d\" data-element_type=\"widget\" data-e-type=\"widget\" data-widget_type=\"spacer.default\">\n\t\t\t\t<div class=\"elementor-widget-container\">\n\t\t\t\t\t\t\t<div class=\"elementor-spacer\">\n\t\t\t<div class=\"elementor-spacer-inner\"><\/div>\n\t\t<\/div>\n\t\t\t\t\t\t<\/div>\n\t\t\t\t<\/div>\n\t\t\t\t<div class=\"elementor-element elementor-element-46a75c6 elementor-widget elementor-widget-image\" data-id=\"46a75c6\" data-element_type=\"widget\" data-e-type=\"widget\" data-widget_type=\"image.default\">\n\t\t\t\t<div class=\"elementor-widget-container\">\n\t\t\t\t\t\t\t\t\t\t\t\t\t\t\t<img decoding=\"async\" width=\"800\" height=\"609\" src=\"https:\/\/greenedu-project.eu\/wp-content\/uploads\/2025\/06\/Users-1024x780.png\" class=\"attachment-large size-large wp-image-448\" alt=\"\" srcset=\"https:\/\/greenedu-project.eu\/wp-content\/uploads\/2025\/06\/Users-1024x780.png 1024w, https:\/\/greenedu-project.eu\/wp-content\/uploads\/2025\/06\/Users-300x228.png 300w, https:\/\/greenedu-project.eu\/wp-content\/uploads\/2025\/06\/Users-768x585.png 768w, https:\/\/greenedu-project.eu\/wp-content\/uploads\/2025\/06\/Users-1536x1170.png 1536w, https:\/\/greenedu-project.eu\/wp-content\/uploads\/2025\/06\/Users-2048x1559.png 2048w, https:\/\/greenedu-project.eu\/wp-content\/uploads\/2025\/06\/Users-1320x1005.png 1320w\" sizes=\"(max-width: 800px) 100vw, 800px\" \/>\t\t\t\t\t\t\t\t\t\t\t\t\t\t\t<\/div>\n\t\t\t\t<\/div>\n\t\t\t\t<\/div>\n\t\t\t\t<\/div>\n\t\t\t\t\t<\/div>\n\t\t<\/div>\n\t\t\t\t\t\t<\/div>\n\t\t\t\t<\/div>\n\t\t\t\t\t<\/div>\n\t\t\t\t<\/div>\n\t\t<div class=\"elementor-element elementor-element-f83cb0a e-flex e-con-boxed e-con e-parent\" data-id=\"f83cb0a\" data-element_type=\"container\" data-e-type=\"container\">\n\t\t\t\t\t<div class=\"e-con-inner\">\n\t\t\t\t<div class=\"elementor-element elementor-element-024d532 elementor-widget elementor-widget-spacer\" data-id=\"024d532\" data-element_type=\"widget\" data-e-type=\"widget\" data-widget_type=\"spacer.default\">\n\t\t\t\t<div class=\"elementor-widget-container\">\n\t\t\t\t\t\t\t<div class=\"elementor-spacer\">\n\t\t\t<div class=\"elementor-spacer-inner\"><\/div>\n\t\t<\/div>\n\t\t\t\t\t\t<\/div>\n\t\t\t\t<\/div>\n\t\t\t\t\t<\/div>\n\t\t\t\t<\/div>\n\t\t\t\t<\/div>","protected":false},"excerpt":{"rendered":"<p>About us Objectives Target Groups Green skills are key for supporting the shift to a green economy and sustainable future. GreenEDU project provides innovative tools and strategies to equip higher education educators and students with green competences. The GreenEDU project offers innovative tools and strategies to equip higher education educators and students with essential green [&hellip;]<\/p>\n","protected":false},"author":1,"featured_media":0,"parent":256,"menu_order":0,"comment_status":"closed","ping_status":"closed","template":"","meta":{"_eb_attr":"","footnotes":""},"class_list":["post-106","page","type-page","status-publish","hentry"],"yoast_head":"<!-- This site is optimized with the Yoast SEO plugin v27.4 - https:\/\/yoast.com\/product\/yoast-seo-wordpress\/ -->\n<title>About us - Old - GreenEDU<\/title>\n<meta name=\"robots\" content=\"index, follow, max-snippet:-1, max-image-preview:large, max-video-preview:-1\" \/>\n<link rel=\"canonical\" href=\"https:\/\/greenedu-project.eu\/et\/koju\/about-us-old\/\" \/>\n<meta property=\"og:locale\" content=\"et_EE\" \/>\n<meta property=\"og:type\" content=\"article\" \/>\n<meta property=\"og:title\" content=\"About us - Old - GreenEDU\" \/>\n<meta property=\"og:description\" content=\"About us Objectives Target Groups Green skills are key for supporting the shift to a green economy and sustainable future. GreenEDU project provides innovative tools and strategies to equip higher education educators and students with green competences. The GreenEDU project offers innovative tools and strategies to equip higher education educators and students with essential green [&hellip;]\" \/>\n<meta property=\"og:url\" content=\"https:\/\/greenedu-project.eu\/et\/koju\/about-us-old\/\" \/>\n<meta property=\"og:site_name\" content=\"GreenEDU\" \/>\n<meta property=\"article:modified_time\" content=\"2025-11-17T06:54:09+00:00\" \/>\n<meta property=\"og:image\" content=\"https:\/\/greenedu-project.eu\/wp-content\/uploads\/2025\/06\/Objectives-1024x763.png\" \/>\n<meta name=\"twitter:card\" content=\"summary_large_image\" \/>\n<meta name=\"twitter:label1\" content=\"Est. reading time\" \/>\n\t<meta name=\"twitter:data1\" content=\"3 minutit\" \/>\n<script type=\"application\/ld+json\" class=\"yoast-schema-graph\">{\"@context\":\"https:\\\/\\\/schema.org\",\"@graph\":[{\"@type\":\"WebPage\",\"@id\":\"https:\\\/\\\/greenedu-project.eu\\\/home\\\/about-us-old\\\/\",\"url\":\"https:\\\/\\\/greenedu-project.eu\\\/home\\\/about-us-old\\\/\",\"name\":\"About us - Old - GreenEDU\",\"isPartOf\":{\"@id\":\"https:\\\/\\\/greenedu-project.eu\\\/grc\\\/#website\"},\"primaryImageOfPage\":{\"@id\":\"https:\\\/\\\/greenedu-project.eu\\\/home\\\/about-us-old\\\/#primaryimage\"},\"image\":{\"@id\":\"https:\\\/\\\/greenedu-project.eu\\\/home\\\/about-us-old\\\/#primaryimage\"},\"thumbnailUrl\":\"https:\\\/\\\/greenedu-project.eu\\\/wp-content\\\/uploads\\\/2025\\\/06\\\/Objectives-1024x763.png\",\"datePublished\":\"2025-04-10T18:48:08+00:00\",\"dateModified\":\"2025-11-17T06:54:09+00:00\",\"breadcrumb\":{\"@id\":\"https:\\\/\\\/greenedu-project.eu\\\/home\\\/about-us-old\\\/#breadcrumb\"},\"inLanguage\":\"et\",\"potentialAction\":[{\"@type\":\"ReadAction\",\"target\":[\"https:\\\/\\\/greenedu-project.eu\\\/home\\\/about-us-old\\\/\"]}]},{\"@type\":\"ImageObject\",\"inLanguage\":\"et\",\"@id\":\"https:\\\/\\\/greenedu-project.eu\\\/home\\\/about-us-old\\\/#primaryimage\",\"url\":\"https:\\\/\\\/greenedu-project.eu\\\/wp-content\\\/uploads\\\/2025\\\/06\\\/Objectives-1024x763.png\",\"contentUrl\":\"https:\\\/\\\/greenedu-project.eu\\\/wp-content\\\/uploads\\\/2025\\\/06\\\/Objectives-1024x763.png\"},{\"@type\":\"BreadcrumbList\",\"@id\":\"https:\\\/\\\/greenedu-project.eu\\\/home\\\/about-us-old\\\/#breadcrumb\",\"itemListElement\":[{\"@type\":\"ListItem\",\"position\":1,\"name\":\"Home\",\"item\":\"https:\\\/\\\/greenedu-project.eu\\\/pl\\\/\"},{\"@type\":\"ListItem\",\"position\":2,\"name\":\"Home\",\"item\":\"https:\\\/\\\/greenedu-project.eu\\\/pl\\\/\"},{\"@type\":\"ListItem\",\"position\":3,\"name\":\"About us &#8211; Old\"}]},{\"@type\":\"WebSite\",\"@id\":\"https:\\\/\\\/greenedu-project.eu\\\/grc\\\/#website\",\"url\":\"https:\\\/\\\/greenedu-project.eu\\\/grc\\\/\",\"name\":\"GreenEDU\",\"description\":\"Support HE educators and students in developing green and digital skills\",\"publisher\":{\"@id\":\"https:\\\/\\\/greenedu-project.eu\\\/grc\\\/#organization\"},\"potentialAction\":[{\"@type\":\"SearchAction\",\"target\":{\"@type\":\"EntryPoint\",\"urlTemplate\":\"https:\\\/\\\/greenedu-project.eu\\\/grc\\\/?s={search_term_string}\"},\"query-input\":{\"@type\":\"PropertyValueSpecification\",\"valueRequired\":true,\"valueName\":\"search_term_string\"}}],\"inLanguage\":\"et\"},{\"@type\":\"Organization\",\"@id\":\"https:\\\/\\\/greenedu-project.eu\\\/grc\\\/#organization\",\"name\":\"GreenEDU\",\"url\":\"https:\\\/\\\/greenedu-project.eu\\\/grc\\\/\",\"logo\":{\"@type\":\"ImageObject\",\"inLanguage\":\"et\",\"@id\":\"https:\\\/\\\/greenedu-project.eu\\\/grc\\\/#\\\/schema\\\/logo\\\/image\\\/\",\"url\":\"https:\\\/\\\/greenedu-project.eu\\\/wp-content\\\/uploads\\\/2025\\\/03\\\/GreenEDU-logo-Color-horizontal-1.png\",\"contentUrl\":\"https:\\\/\\\/greenedu-project.eu\\\/wp-content\\\/uploads\\\/2025\\\/03\\\/GreenEDU-logo-Color-horizontal-1.png\",\"width\":677,\"height\":319,\"caption\":\"GreenEDU\"},\"image\":{\"@id\":\"https:\\\/\\\/greenedu-project.eu\\\/grc\\\/#\\\/schema\\\/logo\\\/image\\\/\"}}]}<\/script>\n<!-- \/ Yoast SEO plugin. -->","yoast_head_json":{"title":"About us - Old - GreenEDU","robots":{"index":"index","follow":"follow","max-snippet":"max-snippet:-1","max-image-preview":"max-image-preview:large","max-video-preview":"max-video-preview:-1"},"canonical":"https:\/\/greenedu-project.eu\/et\/koju\/about-us-old\/","og_locale":"et_EE","og_type":"article","og_title":"About us - Old - GreenEDU","og_description":"About us Objectives Target Groups Green skills are key for supporting the shift to a green economy and sustainable future. GreenEDU project provides innovative tools and strategies to equip higher education educators and students with green competences. The GreenEDU project offers innovative tools and strategies to equip higher education educators and students with essential green [&hellip;]","og_url":"https:\/\/greenedu-project.eu\/et\/koju\/about-us-old\/","og_site_name":"GreenEDU","article_modified_time":"2025-11-17T06:54:09+00:00","og_image":[{"url":"https:\/\/greenedu-project.eu\/wp-content\/uploads\/2025\/06\/Objectives-1024x763.png","type":"","width":"","height":""}],"twitter_card":"summary_large_image","twitter_misc":{"Est. reading time":"3 minutit"},"schema":{"@context":"https:\/\/schema.org","@graph":[{"@type":"WebPage","@id":"https:\/\/greenedu-project.eu\/home\/about-us-old\/","url":"https:\/\/greenedu-project.eu\/home\/about-us-old\/","name":"About us - Old - GreenEDU","isPartOf":{"@id":"https:\/\/greenedu-project.eu\/grc\/#website"},"primaryImageOfPage":{"@id":"https:\/\/greenedu-project.eu\/home\/about-us-old\/#primaryimage"},"image":{"@id":"https:\/\/greenedu-project.eu\/home\/about-us-old\/#primaryimage"},"thumbnailUrl":"https:\/\/greenedu-project.eu\/wp-content\/uploads\/2025\/06\/Objectives-1024x763.png","datePublished":"2025-04-10T18:48:08+00:00","dateModified":"2025-11-17T06:54:09+00:00","breadcrumb":{"@id":"https:\/\/greenedu-project.eu\/home\/about-us-old\/#breadcrumb"},"inLanguage":"et","potentialAction":[{"@type":"ReadAction","target":["https:\/\/greenedu-project.eu\/home\/about-us-old\/"]}]},{"@type":"ImageObject","inLanguage":"et","@id":"https:\/\/greenedu-project.eu\/home\/about-us-old\/#primaryimage","url":"https:\/\/greenedu-project.eu\/wp-content\/uploads\/2025\/06\/Objectives-1024x763.png","contentUrl":"https:\/\/greenedu-project.eu\/wp-content\/uploads\/2025\/06\/Objectives-1024x763.png"},{"@type":"BreadcrumbList","@id":"https:\/\/greenedu-project.eu\/home\/about-us-old\/#breadcrumb","itemListElement":[{"@type":"ListItem","position":1,"name":"Home","item":"https:\/\/greenedu-project.eu\/pl\/"},{"@type":"ListItem","position":2,"name":"Home","item":"https:\/\/greenedu-project.eu\/pl\/"},{"@type":"ListItem","position":3,"name":"About us &#8211; Old"}]},{"@type":"WebSite","@id":"https:\/\/greenedu-project.eu\/grc\/#website","url":"https:\/\/greenedu-project.eu\/grc\/","name":"GreenEDU","description":"Toetada k\u00f5rgharidust\u00f6\u00f6tajaid ja \u00fcli\u00f5pilasi roheliste ja digitaalsete oskuste arendamisel.","publisher":{"@id":"https:\/\/greenedu-project.eu\/grc\/#organization"},"potentialAction":[{"@type":"SearchAction","target":{"@type":"EntryPoint","urlTemplate":"https:\/\/greenedu-project.eu\/grc\/?s={search_term_string}"},"query-input":{"@type":"PropertyValueSpecification","valueRequired":true,"valueName":"search_term_string"}}],"inLanguage":"et"},{"@type":"Organization","@id":"https:\/\/greenedu-project.eu\/grc\/#organization","name":"GreenEDU","url":"https:\/\/greenedu-project.eu\/grc\/","logo":{"@type":"ImageObject","inLanguage":"et","@id":"https:\/\/greenedu-project.eu\/grc\/#\/schema\/logo\/image\/","url":"https:\/\/greenedu-project.eu\/wp-content\/uploads\/2025\/03\/GreenEDU-logo-Color-horizontal-1.png","contentUrl":"https:\/\/greenedu-project.eu\/wp-content\/uploads\/2025\/03\/GreenEDU-logo-Color-horizontal-1.png","width":677,"height":319,"caption":"GreenEDU"},"image":{"@id":"https:\/\/greenedu-project.eu\/grc\/#\/schema\/logo\/image\/"}}]}},"_links":{"self":[{"href":"https:\/\/greenedu-project.eu\/et\/wp-json\/wp\/v2\/pages\/106","targetHints":{"allow":["GET"]}}],"collection":[{"href":"https:\/\/greenedu-project.eu\/et\/wp-json\/wp\/v2\/pages"}],"about":[{"href":"https:\/\/greenedu-project.eu\/et\/wp-json\/wp\/v2\/types\/page"}],"author":[{"embeddable":true,"href":"https:\/\/greenedu-project.eu\/et\/wp-json\/wp\/v2\/users\/1"}],"replies":[{"embeddable":true,"href":"https:\/\/greenedu-project.eu\/et\/wp-json\/wp\/v2\/comments?post=106"}],"version-history":[{"count":63,"href":"https:\/\/greenedu-project.eu\/et\/wp-json\/wp\/v2\/pages\/106\/revisions"}],"predecessor-version":[{"id":1351,"href":"https:\/\/greenedu-project.eu\/et\/wp-json\/wp\/v2\/pages\/106\/revisions\/1351"}],"up":[{"embeddable":true,"href":"https:\/\/greenedu-project.eu\/et\/wp-json\/wp\/v2\/pages\/256"}],"wp:attachment":[{"href":"https:\/\/greenedu-project.eu\/et\/wp-json\/wp\/v2\/media?parent=106"}],"curies":[{"name":"wp","href":"https:\/\/api.w.org\/{rel}","templated":true}]}}