{"id":1508,"date":"2025-09-11T08:56:30","date_gmt":"2025-09-11T08:56:30","guid":{"rendered":"https:\/\/greenedu-project.eu\/?page_id=1508"},"modified":"2025-09-11T09:31:22","modified_gmt":"2025-09-11T09:31:22","slug":"newsletter-sign-up-02","status":"publish","type":"page","link":"https:\/\/greenedu-project.eu\/et\/newsletter-sign-up-02\/","title":{"rendered":"Newsletter Sign up 02"},"content":{"rendered":"\t\t<div data-elementor-type=\"wp-page\" data-elementor-id=\"1508\" class=\"elementor elementor-1508\">\n\t\t\t\t<div class=\"elementor-element elementor-element-db82e9e e-flex e-con-boxed e-con e-parent\" data-id=\"db82e9e\" data-element_type=\"container\" data-e-type=\"container\" data-settings=\"{&quot;background_background&quot;:&quot;classic&quot;}\">\n\t\t\t\t\t<div class=\"e-con-inner\">\n\t\t<div class=\"elementor-element elementor-element-87f4f38 e-con-full e-flex e-con e-child\" data-id=\"87f4f38\" data-element_type=\"container\" data-e-type=\"container\" data-settings=\"{&quot;background_background&quot;:&quot;classic&quot;}\">\n\t\t\t\t<div class=\"elementor-element elementor-element-1ac8868 elementor-widget elementor-widget-heading\" data-id=\"1ac8868\" data-element_type=\"widget\" data-e-type=\"widget\" data-widget_type=\"heading.default\">\n\t\t\t\t<div class=\"elementor-widget-container\">\n\t\t\t\t\t<h1 class=\"elementor-heading-title elementor-size-default\">Newsletter Sign up<\/h1>\t\t\t\t<\/div>\n\t\t\t\t<\/div>\n\t\t\t\t<\/div>\n\t\t\t\t\t<\/div>\n\t\t\t\t<\/div>\n\t\t<div class=\"elementor-element elementor-element-90b92d5 e-flex e-con-boxed e-con e-parent\" data-id=\"90b92d5\" data-element_type=\"container\" data-e-type=\"container\">\n\t\t\t\t\t<div class=\"e-con-inner\">\n\t\t\t\t<div class=\"elementor-element elementor-element-7bf9a9d elementor-widget elementor-widget-spacer\" data-id=\"7bf9a9d\" data-element_type=\"widget\" data-e-type=\"widget\" data-widget_type=\"spacer.default\">\n\t\t\t\t<div class=\"elementor-widget-container\">\n\t\t\t\t\t\t\t<div class=\"elementor-spacer\">\n\t\t\t<div class=\"elementor-spacer-inner\"><\/div>\n\t\t<\/div>\n\t\t\t\t\t\t<\/div>\n\t\t\t\t<\/div>\n\t\t\t\t\t<\/div>\n\t\t\t\t<\/div>\n\t\t<div class=\"elementor-element elementor-element-a4f7095 e-flex e-con-boxed e-con e-parent\" data-id=\"a4f7095\" data-element_type=\"container\" data-e-type=\"container\">\n\t\t\t\t\t<div class=\"e-con-inner\">\n\t\t\t\t<div class=\"elementor-element elementor-element-9620d45 elementor-widget elementor-widget-shortcode\" data-id=\"9620d45\" data-element_type=\"widget\" data-e-type=\"widget\" data-widget_type=\"shortcode.default\">\n\t\t\t\t<div class=\"elementor-widget-container\">\n\t\t\t\t\t\t\t<div class=\"elementor-shortcode\">  \n  \n  <div class=\"\n    mailpoet_form_popup_overlay\n      \"><\/div>\n  <div\n    id=\"mailpoet_form_1\"\n    class=\"\n      mailpoet_form\n      mailpoet_form_shortcode\n      mailpoet_form_position_\n      mailpoet_form_animation_\n    \"\n      >\n\n    <style type=\"text\/css\">\n     #mailpoet_form_1 .mailpoet_form {  }\n#mailpoet_form_1 form { margin-bottom: 0; }\n#mailpoet_form_1 p.mailpoet_form_paragraph { margin-bottom: 10px; }\n#mailpoet_form_1 .mailpoet_column_with_background { padding: 10px; }\n#mailpoet_form_1 .mailpoet_form_column:not(:first-child) { margin-left: 20px; }\n#mailpoet_form_1 .mailpoet_paragraph { line-height: 20px; margin-bottom: 20px; }\n#mailpoet_form_1 .mailpoet_segment_label, #mailpoet_form_1 .mailpoet_text_label, #mailpoet_form_1 .mailpoet_textarea_label, #mailpoet_form_1 .mailpoet_select_label, #mailpoet_form_1 .mailpoet_radio_label, #mailpoet_form_1 .mailpoet_checkbox_label, #mailpoet_form_1 .mailpoet_list_label, #mailpoet_form_1 .mailpoet_date_label { display: block; font-weight: normal; }\n#mailpoet_form_1 .mailpoet_text, #mailpoet_form_1 .mailpoet_textarea, #mailpoet_form_1 .mailpoet_select, #mailpoet_form_1 .mailpoet_date_month, #mailpoet_form_1 .mailpoet_date_day, #mailpoet_form_1 .mailpoet_date_year, #mailpoet_form_1 .mailpoet_date { display: block; }\n#mailpoet_form_1 .mailpoet_text, #mailpoet_form_1 .mailpoet_textarea { width: 200px; }\n#mailpoet_form_1 .mailpoet_checkbox {  }\n#mailpoet_form_1 .mailpoet_submit {  }\n#mailpoet_form_1 .mailpoet_divider {  }\n#mailpoet_form_1 .mailpoet_message {  }\n#mailpoet_form_1 .mailpoet_form_loading { width: 30px; text-align: center; line-height: normal; }\n#mailpoet_form_1 .mailpoet_form_loading > span { width: 5px; height: 5px; background-color: #5b5b5b; }\n#mailpoet_form_1 h2.mailpoet-heading { margin: 0 0 20px 0; }\n#mailpoet_form_1 h1.mailpoet-heading { margin: 0 0 10px; }#mailpoet_form_1{border-radius: 25px;text-align: center;}#mailpoet_form_1 form.mailpoet_form {padding: 30px;}#mailpoet_form_1{width: 100%;}#mailpoet_form_1 .mailpoet_message {margin: 0; padding: 0 20px;}\n        #mailpoet_form_1 .mailpoet_validate_success {color: #00d084}\n        #mailpoet_form_1 input.parsley-success {color: #00d084}\n        #mailpoet_form_1 select.parsley-success {color: #00d084}\n        #mailpoet_form_1 textarea.parsley-success {color: #00d084}\n      \n        #mailpoet_form_1 .mailpoet_validate_error {color: #cf2e2e}\n        #mailpoet_form_1 input.parsley-error {color: #cf2e2e}\n        #mailpoet_form_1 select.parsley-error {color: #cf2e2e}\n        #mailpoet_form_1 textarea.textarea.parsley-error {color: #cf2e2e}\n        #mailpoet_form_1 .parsley-errors-list {color: #cf2e2e}\n        #mailpoet_form_1 .parsley-required {color: #cf2e2e}\n        #mailpoet_form_1 .parsley-custom-error-message {color: #cf2e2e}\n      #mailpoet_form_1 .mailpoet_paragraph.last {margin-bottom: 0} @media (max-width: 500px) {#mailpoet_form_1 {background-image: none;}} @media (min-width: 500px) {#mailpoet_form_1 .last .mailpoet_paragraph:last-child {margin-bottom: 0}}  @media (max-width: 500px) {#mailpoet_form_1 .mailpoet_form_column:last-child .mailpoet_paragraph:last-child {margin-bottom: 0}} \n    <\/style>\n\n    <form\n      target=\"_self\"\n      method=\"post\"\n      action=\"https:\/\/greenedu-project.eu\/wp-admin\/admin-post.php?action=mailpoet_subscription_form\"\n      class=\"mailpoet_form mailpoet_form_form mailpoet_form_shortcode\"\n      novalidate\n      data-delay=\"\"\n      data-exit-intent-enabled=\"\"\n      data-font-family=\"\"\n      data-cookie-expiration-time=\"\"\n    >\n      <input type=\"hidden\" name=\"data[form_id]\" value=\"1\" \/>\n      <input type=\"hidden\" name=\"token\" value=\"2024cddb18\" \/>\n      <input type=\"hidden\" name=\"api_version\" value=\"v1\" \/>\n      <input type=\"hidden\" name=\"endpoint\" value=\"subscribers\" \/>\n      <input type=\"hidden\" name=\"mailpoet_method\" value=\"subscribe\" \/>\n\n      <label class=\"mailpoet_hp_email_label\" style=\"display: none !important;\">Please leave this field empty<input type=\"email\" name=\"data[email]\"\/><\/label><div class=\"mailpoet_form_image\"><figure class=\"size-full aligncenter\"><img decoding=\"async\" src=\"https:\/\/greenedu-project.eu\/wp-content\/uploads\/2025\/08\/newsletter.png\" alt class=\"wp-image-949\" srcset=\"https:\/\/greenedu-project.eu\/wp-content\/uploads\/2025\/08\/newsletter.png 1401w, https:\/\/greenedu-project.eu\/wp-content\/uploads\/2025\/08\/newsletter-300x300.png 300w, https:\/\/greenedu-project.eu\/wp-content\/uploads\/2025\/08\/newsletter-1024x1024.png 1024w, https:\/\/greenedu-project.eu\/wp-content\/uploads\/2025\/08\/newsletter-150x150.png 150w, https:\/\/greenedu-project.eu\/wp-content\/uploads\/2025\/08\/newsletter-768x768.png 768w, https:\/\/greenedu-project.eu\/wp-content\/uploads\/2025\/08\/newsletter-1320x1320.png 1320w\" width=95 height=90 style=\"width: 95px;height: 90px\"><\/figure><\/div>\n<div class='mailpoet_spacer' style='height: 1px;'><\/div>\n<h2 class=\"mailpoet-heading  mailpoet-has-font-size\" style=\"text-align: center; color: #b0cb1f; font-size: 20px; line-height: 1.5\"><strong>Oh hi there <img decoding=\"async\" class=\"emoji\" src=\"https:\/\/s.w.org\/images\/core\/emoji\/16.0.1\/svg\/1f44b.svg\" alt=\"\ud83d\udc4b\"><br>It\u2019s nice to meet you.<\/strong><\/h2>\n<h2 class=\"mailpoet-heading  mailpoet-has-font-size\" style=\"text-align: center; font-size: 18px; line-height: 1.5\"><strong>Sign up to receive awesome content about the GreenEDU project!<\/strong><\/h2>\n<div class='mailpoet_spacer' style='height: 1px;'><\/div>\n<div class=\"mailpoet_paragraph \"><input type=\"email\" autocomplete=\"email\" class=\"mailpoet_text\" id=\"form_email_1\" name=\"data[form_field_ZWE5ZGEyNTRhYTJlX2VtYWls]\" title=\"Email Address\" value=\"\" style=\"width:100%;box-sizing:border-box;background-color:#f1f1f1;border-style:solid;border-radius:40px !important;border-width:0px;border-color:#313131;padding:15px;margin: 0 auto;font-family:&#039;Montserrat&#039;;font-size:16px;line-height:1.5;height:auto;\" data-automation-id=\"form_email\"  placeholder=\"Email Address *\" aria-label=\"Email Address *\" data-parsley-errors-container=\".mailpoet_error_p83p4\" data-parsley-required=\"true\" required aria-required=\"true\" data-parsley-minlength=\"6\" data-parsley-maxlength=\"150\" data-parsley-type-message=\"This value should be a valid email.\" data-parsley-required-message=\"This field is required.\"\/><span class=\"mailpoet_error_p83p4\"><\/span><\/div>\n<div class=\"mailpoet_paragraph \"><input type=\"submit\" class=\"mailpoet_submit\" value=\"Let\u2019s keep in touch\" data-automation-id=\"subscribe-submit-button\" data-font-family='Montserrat' style=\"width:100%;box-sizing:border-box;background-color:#247ba0;border-style:solid;border-radius:40px !important;border-width:0px;border-color:#313131;padding:15px;margin: 0 auto;font-family:&#039;Montserrat&#039;;font-size:20px;line-height:1.5;height:auto;color:#ffffff;font-weight:bold;\" \/><span class=\"mailpoet_form_loading\"><span class=\"mailpoet_bounce1\"><\/span><span class=\"mailpoet_bounce2\"><\/span><span class=\"mailpoet_bounce3\"><\/span><\/span><\/div>\n<p class=\"mailpoet_form_paragraph  mailpoet-has-font-size\" style=\"text-align: center; font-size: 13px; line-height: 1.5\"><em>We don\u2019t spam! Read our <a href=\"#\">privacy policy<\/a> for more info.<\/em><\/p>\n\n      <div class=\"mailpoet_message\">\n        <p class=\"mailpoet_validate_success\"\n                style=\"display:none;\"\n                >We just sent a confirmation email to your mail box. Please check your mailbox and confirm you email address \ud83d\ude42\n        <\/p>\n        <p class=\"mailpoet_validate_error\"\n                style=\"display:none;\"\n                >        <\/p>\n      <\/div>\n    <\/form>\n\n      <\/div>\n\n  <\/div>\n\t\t\t\t\t\t<\/div>\n\t\t\t\t<\/div>\n\t\t\t\t<div class=\"elementor-element elementor-element-babbfb6 elementor-widget-divider--view-line elementor-widget elementor-widget-divider\" data-id=\"babbfb6\" data-element_type=\"widget\" data-e-type=\"widget\" data-widget_type=\"divider.default\">\n\t\t\t\t<div class=\"elementor-widget-container\">\n\t\t\t\t\t\t\t<div class=\"elementor-divider\">\n\t\t\t<span class=\"elementor-divider-separator\">\n\t\t\t\t\t\t<\/span>\n\t\t<\/div>\n\t\t\t\t\t\t<\/div>\n\t\t\t\t<\/div>\n\t\t\t\t\t<\/div>\n\t\t\t\t<\/div>\n\t\t<div class=\"elementor-element elementor-element-030f6b2 e-flex e-con-boxed e-con e-parent\" data-id=\"030f6b2\" data-element_type=\"container\" data-e-type=\"container\">\n\t\t\t\t\t<div class=\"e-con-inner\">\n\t\t\t\t<div class=\"elementor-element elementor-element-09c5c07 elementor-widget elementor-widget-text-editor\" data-id=\"09c5c07\" data-element_type=\"widget\" data-e-type=\"widget\" data-widget_type=\"text-editor.default\">\n\t\t\t\t<div class=\"elementor-widget-container\">\n\t\t\t\t\t\t\t\t\t<p style=\"padding: 0;\"><strong>GreenEDU<\/strong> is a project to support HE educators and students in developing green and digital skills. We invite you to check out our newsletter!<br \/><br \/>Here&#8217;s what you expect to see in the newsletter:<\/p>\n<p><!-- \/wp:paragraph --><!-- wp:group {\"layout\":{\"type\":\"flex\",\"orientation\":\"vertical\"}} --><\/p>\n<div class=\"wp-block-group\"><!-- wp:list -->\n<ul class=\"wp-block-list\"><!-- wp:list-item -->\n<li>Stay in touch with us and with GreenEDU.<\/li>\n<!-- \/wp:list-item --><!-- wp:list-item -->\n<li>What the GreenEDU project is about?<\/li>\n<!-- \/wp:list-item --><!-- wp:list-item -->\n<li>Stay updated with the progress of the project!<\/li>\n<!-- \/wp:list-item --><!-- wp:list-item -->\n<li>What will be the result?<\/li>\n<!-- \/wp:list-item --><!-- wp:list-item -->\n<li>The opportunities for green communities and enthusiasts.<\/li>\n<\/ul>\n<\/div>\t\t\t\t\t\t\t\t<\/div>\n\t\t\t\t<\/div>\n\t\t\t\t\t<\/div>\n\t\t\t\t<\/div>\n\t\t<div class=\"elementor-element elementor-element-a63fd0c e-flex e-con-boxed e-con e-parent\" data-id=\"a63fd0c\" data-element_type=\"container\" data-e-type=\"container\">\n\t\t\t\t\t<div class=\"e-con-inner\">\n\t\t\t\t<div class=\"elementor-element elementor-element-7d133b6 elementor-widget elementor-widget-spacer\" data-id=\"7d133b6\" data-element_type=\"widget\" data-e-type=\"widget\" data-widget_type=\"spacer.default\">\n\t\t\t\t<div class=\"elementor-widget-container\">\n\t\t\t\t\t\t\t<div class=\"elementor-spacer\">\n\t\t\t<div class=\"elementor-spacer-inner\"><\/div>\n\t\t<\/div>\n\t\t\t\t\t\t<\/div>\n\t\t\t\t<\/div>\n\t\t\t\t\t<\/div>\n\t\t\t\t<\/div>\n\t\t\t\t<\/div>\n\t\t","protected":false},"excerpt":{"rendered":"<p>Newsletter Sign up GreenEDU is a project to support HE educators and students in developing green and digital skills. We invite you to check out our newsletter! Here&#8217;s what you expect to see in the newsletter: Stay in touch with us and with GreenEDU. What the GreenEDU project is about? Stay updated with the progress [&hellip;]<\/p>\n","protected":false},"author":1,"featured_media":0,"parent":0,"menu_order":0,"comment_status":"closed","ping_status":"closed","template":"","meta":{"_eb_attr":"","footnotes":""},"class_list":["post-1508","page","type-page","status-publish","hentry"],"yoast_head":"<!-- This site is optimized with the Yoast SEO plugin v27.4 - https:\/\/yoast.com\/product\/yoast-seo-wordpress\/ -->\n<title>Newsletter Sign up 02 - GreenEDU<\/title>\n<meta name=\"robots\" content=\"index, follow, max-snippet:-1, max-image-preview:large, max-video-preview:-1\" \/>\n<link rel=\"canonical\" href=\"https:\/\/greenedu-project.eu\/et\/newsletter-sign-up-02\/\" \/>\n<meta property=\"og:locale\" content=\"et_EE\" \/>\n<meta property=\"og:type\" content=\"article\" \/>\n<meta property=\"og:title\" content=\"Newsletter Sign up 02 - GreenEDU\" \/>\n<meta property=\"og:description\" content=\"Newsletter Sign up GreenEDU is a project to support HE educators and students in developing green and digital skills. We invite you to check out our newsletter! Here&#8217;s what you expect to see in the newsletter: Stay in touch with us and with GreenEDU. What the GreenEDU project is about? Stay updated with the progress [&hellip;]\" \/>\n<meta property=\"og:url\" content=\"https:\/\/greenedu-project.eu\/et\/newsletter-sign-up-02\/\" \/>\n<meta property=\"og:site_name\" content=\"GreenEDU\" \/>\n<meta property=\"article:modified_time\" content=\"2025-09-11T09:31:22+00:00\" \/>\n<meta name=\"twitter:card\" content=\"summary_large_image\" \/>\n<script type=\"application\/ld+json\" class=\"yoast-schema-graph\">{\"@context\":\"https:\\\/\\\/schema.org\",\"@graph\":[{\"@type\":\"WebPage\",\"@id\":\"https:\\\/\\\/greenedu-project.eu\\\/pl\\\/newsletter-sign-up-02\\\/\",\"url\":\"https:\\\/\\\/greenedu-project.eu\\\/pl\\\/newsletter-sign-up-02\\\/\",\"name\":\"Newsletter Sign up 02 - GreenEDU\",\"isPartOf\":{\"@id\":\"https:\\\/\\\/greenedu-project.eu\\\/grc\\\/#website\"},\"datePublished\":\"2025-09-11T08:56:30+00:00\",\"dateModified\":\"2025-09-11T09:31:22+00:00\",\"breadcrumb\":{\"@id\":\"https:\\\/\\\/greenedu-project.eu\\\/pl\\\/newsletter-sign-up-02\\\/#breadcrumb\"},\"inLanguage\":\"et\",\"potentialAction\":[{\"@type\":\"ReadAction\",\"target\":[\"https:\\\/\\\/greenedu-project.eu\\\/pl\\\/newsletter-sign-up-02\\\/\"]}]},{\"@type\":\"BreadcrumbList\",\"@id\":\"https:\\\/\\\/greenedu-project.eu\\\/pl\\\/newsletter-sign-up-02\\\/#breadcrumb\",\"itemListElement\":[{\"@type\":\"ListItem\",\"position\":1,\"name\":\"Home\",\"item\":\"https:\\\/\\\/greenedu-project.eu\\\/pl\\\/\"},{\"@type\":\"ListItem\",\"position\":2,\"name\":\"Newsletter Sign up 02\"}]},{\"@type\":\"WebSite\",\"@id\":\"https:\\\/\\\/greenedu-project.eu\\\/grc\\\/#website\",\"url\":\"https:\\\/\\\/greenedu-project.eu\\\/grc\\\/\",\"name\":\"GreenEDU\",\"description\":\"Support HE educators and students in developing green and digital skills\",\"publisher\":{\"@id\":\"https:\\\/\\\/greenedu-project.eu\\\/grc\\\/#organization\"},\"potentialAction\":[{\"@type\":\"SearchAction\",\"target\":{\"@type\":\"EntryPoint\",\"urlTemplate\":\"https:\\\/\\\/greenedu-project.eu\\\/grc\\\/?s={search_term_string}\"},\"query-input\":{\"@type\":\"PropertyValueSpecification\",\"valueRequired\":true,\"valueName\":\"search_term_string\"}}],\"inLanguage\":\"et\"},{\"@type\":\"Organization\",\"@id\":\"https:\\\/\\\/greenedu-project.eu\\\/grc\\\/#organization\",\"name\":\"GreenEDU\",\"url\":\"https:\\\/\\\/greenedu-project.eu\\\/grc\\\/\",\"logo\":{\"@type\":\"ImageObject\",\"inLanguage\":\"et\",\"@id\":\"https:\\\/\\\/greenedu-project.eu\\\/grc\\\/#\\\/schema\\\/logo\\\/image\\\/\",\"url\":\"https:\\\/\\\/greenedu-project.eu\\\/wp-content\\\/uploads\\\/2025\\\/03\\\/GreenEDU-logo-Color-horizontal-1.png\",\"contentUrl\":\"https:\\\/\\\/greenedu-project.eu\\\/wp-content\\\/uploads\\\/2025\\\/03\\\/GreenEDU-logo-Color-horizontal-1.png\",\"width\":677,\"height\":319,\"caption\":\"GreenEDU\"},\"image\":{\"@id\":\"https:\\\/\\\/greenedu-project.eu\\\/grc\\\/#\\\/schema\\\/logo\\\/image\\\/\"}}]}<\/script>\n<!-- \/ Yoast SEO plugin. -->","yoast_head_json":{"title":"Newsletter Sign up 02 - GreenEDU","robots":{"index":"index","follow":"follow","max-snippet":"max-snippet:-1","max-image-preview":"max-image-preview:large","max-video-preview":"max-video-preview:-1"},"canonical":"https:\/\/greenedu-project.eu\/et\/newsletter-sign-up-02\/","og_locale":"et_EE","og_type":"article","og_title":"Newsletter Sign up 02 - GreenEDU","og_description":"Newsletter Sign up GreenEDU is a project to support HE educators and students in developing green and digital skills. We invite you to check out our newsletter! Here&#8217;s what you expect to see in the newsletter: Stay in touch with us and with GreenEDU. What the GreenEDU project is about? Stay updated with the progress [&hellip;]","og_url":"https:\/\/greenedu-project.eu\/et\/newsletter-sign-up-02\/","og_site_name":"GreenEDU","article_modified_time":"2025-09-11T09:31:22+00:00","twitter_card":"summary_large_image","schema":{"@context":"https:\/\/schema.org","@graph":[{"@type":"WebPage","@id":"https:\/\/greenedu-project.eu\/pl\/newsletter-sign-up-02\/","url":"https:\/\/greenedu-project.eu\/pl\/newsletter-sign-up-02\/","name":"Newsletter Sign up 02 - GreenEDU","isPartOf":{"@id":"https:\/\/greenedu-project.eu\/grc\/#website"},"datePublished":"2025-09-11T08:56:30+00:00","dateModified":"2025-09-11T09:31:22+00:00","breadcrumb":{"@id":"https:\/\/greenedu-project.eu\/pl\/newsletter-sign-up-02\/#breadcrumb"},"inLanguage":"et","potentialAction":[{"@type":"ReadAction","target":["https:\/\/greenedu-project.eu\/pl\/newsletter-sign-up-02\/"]}]},{"@type":"BreadcrumbList","@id":"https:\/\/greenedu-project.eu\/pl\/newsletter-sign-up-02\/#breadcrumb","itemListElement":[{"@type":"ListItem","position":1,"name":"Home","item":"https:\/\/greenedu-project.eu\/pl\/"},{"@type":"ListItem","position":2,"name":"Newsletter Sign up 02"}]},{"@type":"WebSite","@id":"https:\/\/greenedu-project.eu\/grc\/#website","url":"https:\/\/greenedu-project.eu\/grc\/","name":"GreenEDU","description":"Toetada k\u00f5rgharidust\u00f6\u00f6tajaid ja \u00fcli\u00f5pilasi roheliste ja digitaalsete oskuste arendamisel.","publisher":{"@id":"https:\/\/greenedu-project.eu\/grc\/#organization"},"potentialAction":[{"@type":"SearchAction","target":{"@type":"EntryPoint","urlTemplate":"https:\/\/greenedu-project.eu\/grc\/?s={search_term_string}"},"query-input":{"@type":"PropertyValueSpecification","valueRequired":true,"valueName":"search_term_string"}}],"inLanguage":"et"},{"@type":"Organization","@id":"https:\/\/greenedu-project.eu\/grc\/#organization","name":"GreenEDU","url":"https:\/\/greenedu-project.eu\/grc\/","logo":{"@type":"ImageObject","inLanguage":"et","@id":"https:\/\/greenedu-project.eu\/grc\/#\/schema\/logo\/image\/","url":"https:\/\/greenedu-project.eu\/wp-content\/uploads\/2025\/03\/GreenEDU-logo-Color-horizontal-1.png","contentUrl":"https:\/\/greenedu-project.eu\/wp-content\/uploads\/2025\/03\/GreenEDU-logo-Color-horizontal-1.png","width":677,"height":319,"caption":"GreenEDU"},"image":{"@id":"https:\/\/greenedu-project.eu\/grc\/#\/schema\/logo\/image\/"}}]}},"_links":{"self":[{"href":"https:\/\/greenedu-project.eu\/et\/wp-json\/wp\/v2\/pages\/1508","targetHints":{"allow":["GET"]}}],"collection":[{"href":"https:\/\/greenedu-project.eu\/et\/wp-json\/wp\/v2\/pages"}],"about":[{"href":"https:\/\/greenedu-project.eu\/et\/wp-json\/wp\/v2\/types\/page"}],"author":[{"embeddable":true,"href":"https:\/\/greenedu-project.eu\/et\/wp-json\/wp\/v2\/users\/1"}],"replies":[{"embeddable":true,"href":"https:\/\/greenedu-project.eu\/et\/wp-json\/wp\/v2\/comments?post=1508"}],"version-history":[{"count":55,"href":"https:\/\/greenedu-project.eu\/et\/wp-json\/wp\/v2\/pages\/1508\/revisions"}],"predecessor-version":[{"id":1580,"href":"https:\/\/greenedu-project.eu\/et\/wp-json\/wp\/v2\/pages\/1508\/revisions\/1580"}],"wp:attachment":[{"href":"https:\/\/greenedu-project.eu\/et\/wp-json\/wp\/v2\/media?parent=1508"}],"curies":[{"name":"wp","href":"https:\/\/api.w.org\/{rel}","templated":true}]}}