{"id":917,"date":"2025-08-03T16:03:52","date_gmt":"2025-08-03T16:03:52","guid":{"rendered":"https:\/\/greenedu-project.eu\/?page_id=917"},"modified":"2025-11-17T06:54:34","modified_gmt":"2025-11-17T06:54:34","slug":"uudistest","status":"publish","type":"page","link":"https:\/\/greenedu-project.eu\/et\/posts\/","title":{"rendered":"Uudised"},"content":{"rendered":"<div data-elementor-type=\"wp-page\" data-elementor-id=\"917\" class=\"elementor elementor-917\">\n\t\t\t\t<div class=\"elementor-element elementor-element-120aa3b e-flex e-con-boxed e-con e-parent\" data-id=\"120aa3b\" data-element_type=\"container\" data-e-type=\"container\" data-settings=\"{&quot;background_background&quot;:&quot;classic&quot;}\">\n\t\t\t\t\t<div class=\"e-con-inner\">\n\t\t\t\t<div class=\"elementor-element elementor-element-4fa139e elementor-widget elementor-widget-heading\" data-id=\"4fa139e\" data-element_type=\"widget\" data-e-type=\"widget\" data-widget_type=\"heading.default\">\n\t\t\t\t<div class=\"elementor-widget-container\">\n\t\t\t\t\t<h1 class=\"elementor-heading-title elementor-size-default\">Uudised<\/h1>\t\t\t\t<\/div>\n\t\t\t\t<\/div>\n\t\t\t\t\t<\/div>\n\t\t\t\t<\/div>\n\t\t<div class=\"elementor-element elementor-element-3bd32d4 e-flex e-con-boxed e-con e-parent\" data-id=\"3bd32d4\" data-element_type=\"container\" data-e-type=\"container\">\n\t\t\t\t\t<div class=\"e-con-inner\">\n\t\t\t\t<div class=\"elementor-element elementor-element-e8efa78 premium-blog-align-left elementor-widget elementor-widget-premium-addon-blog\" data-id=\"e8efa78\" data-element_type=\"widget\" data-e-type=\"widget\" data-settings=\"{&quot;force_height&quot;:&quot;true&quot;,&quot;filter_flag&quot;:&quot;cat&quot;,&quot;premium_blog_grid&quot;:&quot;yes&quot;,&quot;premium_blog_layout&quot;:&quot;even&quot;,&quot;premium_blog_columns_number&quot;:&quot;50%&quot;,&quot;premium_blog_columns_number_tablet&quot;:&quot;50%&quot;,&quot;premium_blog_columns_number_mobile&quot;:&quot;100%&quot;,&quot;scroll_to_offset&quot;:&quot;yes&quot;}\" data-widget_type=\"premium-addon-blog.default\">\n\t\t\t\t<div class=\"elementor-widget-container\">\n\t\t\t\t\t\n\t\t\t\t\t\t\t<div class=\"premium-blog-filter\">\n\t\t\t<ul class=\"premium-blog-filters-container\">\n\t\t\t\t\t\t\t\t\t<li>\n\t\t\t\t\t\t<a href=\"javascript:;\" class=\"category active\" data-filter=\"*\">\n\t\t\t\t\t\t\tK\u00f5ik\t\t\t\t\t\t<\/a>\n\t\t\t\t\t<\/li>\n\t\t\t\t\t\t\t\t\t\t\t\t\t\t<li>\n\t\t\t\t\t\t\t<a href=\"javascript:;\" class=\"category\" data-filter=\"newsletter\">\n\t\t\t\t\t\t\t\tUudiskiri\t\t\t\t\t\t\t<\/a>\n\t\t\t\t\t\t<\/li>\n\t\t\t\t\t\t\t<\/ul>\n\t\t<\/div>\n\t\t\t\t\n\n\t\t\t\t<div class=\"premium-blog-wrap  premium-blog-even\" data-page=\"917\">\n\t\t\t\t\t\t\t\t\t<div class=\"premium-blog-post-outer-container newsletter\" data-total=\"1\">\n\t\t\t<div class=\"premium-blog-post-container premium-blog-skin-classic\">\n\t\t\t\t\t\t\t\t\t<div class=\"premium-blog-thumb-effect-wrapper\">\n\t\t\t\t\t\t<div class=\"premium-blog-thumbnail-container premium-blog-zoomin-effect\">\n\t\t\t\t\t\t\t<img fetchpriority=\"high\" decoding=\"async\" width=\"1600\" height=\"900\" src=\"https:\/\/greenedu-project.eu\/wp-content\/uploads\/2026\/02\/RagnarVutt_peahoone.jpg\" class=\"attachment-full size-full wp-image-1642\" alt=\"\" srcset=\"https:\/\/greenedu-project.eu\/wp-content\/uploads\/2026\/02\/RagnarVutt_peahoone.jpg 1600w, https:\/\/greenedu-project.eu\/wp-content\/uploads\/2026\/02\/RagnarVutt_peahoone-300x169.jpg 300w, https:\/\/greenedu-project.eu\/wp-content\/uploads\/2026\/02\/RagnarVutt_peahoone-1024x576.jpg 1024w, https:\/\/greenedu-project.eu\/wp-content\/uploads\/2026\/02\/RagnarVutt_peahoone-768x432.jpg 768w, https:\/\/greenedu-project.eu\/wp-content\/uploads\/2026\/02\/RagnarVutt_peahoone-1536x864.jpg 1536w, https:\/\/greenedu-project.eu\/wp-content\/uploads\/2026\/02\/RagnarVutt_peahoone-18x10.jpg 18w, https:\/\/greenedu-project.eu\/wp-content\/uploads\/2026\/02\/RagnarVutt_peahoone-1320x743.jpg 1320w\" sizes=\"(max-width: 1600px) 100vw, 1600px\" \/>\t\t\t\t\t\t<\/div>\n\t\t\t\t\t\t\t\t\t\t\t\t\t<div class=\"premium-blog-thumbnail-overlay\">\n\t\t\t\t\t\t\t\t<a class=\"elementor-icon\" href=\"https:\/\/greenedu-project.eu\/et\/newsletter-december-2025\/\" target=\"_blank\"><\/a>\n\t\t\t\t\t\t\t<\/div>\n\n\t\t\t\t\t\t\t\t\t\t\t\t\t\t\t\t\t\t<\/div>\n\t\t\t\t\t\t\t\t\t\t\t\t<div class=\"premium-blog-content-wrapper\">\n\n\t\t\t\t\t<div class=\"premium-blog-inner-container\">\n\n\t\t\t\t\t\t\t\t\t\t\t\t\t\t<h2 class=\"premium-blog-entry-title\">\n\t\t\t<a href=\"https:\/\/greenedu-project.eu\/et\/newsletter-december-2025\/\" target=\"_blank\">\n\t\t\t\tNewsletter: December 2025\t\t\t<\/a>\n\t\t<\/h2>\n\t\t\t\t<div class=\"premium-blog-entry-meta\">\n\t\t\t\n\t\t\t\t\t\t\t<span class=\"premium-blog-meta-separator\">-<\/span>\n\t\t\t\t<div class=\"premium-blog-post-time premium-blog-meta-data\">\n\t\t\t\t\t<i class=\"fa fa-calendar-alt\" aria-hidden=\"true\"><\/i>\n\t\t\t\t\t<span>veebruar 9, 2026<\/span>\n\t\t\t\t<\/div>\n\t\t\t\n\t\t\t\t\t\t\t<span class=\"premium-blog-meta-separator\">-<\/span>\n\t\t\t\t<div class=\"premium-blog-post-categories premium-blog-meta-data\">\n\t\t\t\t\t<i class=\"fa fa-align-left fa-fw\" aria-hidden=\"true\"><\/i>\n\t\t\t\t\t<a href=\"https:\/\/greenedu-project.eu\/et\/category\/newsletter\/\" rel=\"category tag\">Uudiskiri<\/a>\t\t\t\t<\/div>\n\t\t\t\n\t\t\t\t\t<\/div>\n\t\t\n\t\t\t\t\t<\/div>\n\n\t\t\t\t\t\t\t<div class=\"premium-blog-content-inner-wrapper\">\n\t\t<p class=\"premium-blog-post-content translation-block\"><span class=\"a_GcMg font-feature-liga-off font-feature-clig-off font-feature-calt-off text-decoration-none text-strikethrough-none\" style=\"--ys-xuq: none\">\n<b>Tartu \u00dclikool<\/b> on Eesti vanim ja suurim k\u00f5rgkool. Asutatud 1632. aastal, on see olnud Eesti akadeemilise elu keskus pea neli sajandit. Tartu \u00dclikool on 15 teadusvaldkonnas maailma 1% viidatuimate \u00fclikoolide ja teadusasutuste seas. \u00dclikoolil on neli teaduskonda: humanitaarteaduste ja kunstide valdkond, sotsiaalteaduste valdkond, meditsiiniteaduste valdkond ning loodus- ja t\u00e4ppisteaduste valdkond. \u00dclikoolil on 15 200 tudengit (sh. umbes 1600 v\u00e4listudengit) ja 3700 t\u00f6\u00f6tajat.\n<\/span><\/p><div class=\"premium-blog-excerpt-link-wrap\"><a href=\"https:\/\/greenedu-project.eu\/et\/newsletter-december-2025\/\" target=\"_blank\" class=\"premium-blog-excerpt-link elementor-button\">Loe edasi \"<\/a><\/div>\t\t<\/div>\n\t\t\t\t\t\t\t\n\t\t\t\t<\/div>\n\t\t\t<\/div>\n\t\t<\/div>\n\n\t\t\t\t<div class=\"premium-blog-post-outer-container newsletter\" data-total=\"1\">\n\t\t\t<div class=\"premium-blog-post-container premium-blog-skin-classic\">\n\t\t\t\t\t\t\t\t\t<div class=\"premium-blog-thumb-effect-wrapper\">\n\t\t\t\t\t\t<div class=\"premium-blog-thumbnail-container premium-blog-zoomin-effect\">\n\t\t\t\t\t\t\t<img decoding=\"async\" width=\"1564\" height=\"1028\" src=\"https:\/\/greenedu-project.eu\/wp-content\/uploads\/2025\/11\/VIVES-thumbnail.jpg\" class=\"attachment-full size-full wp-image-1616\" alt=\"\" srcset=\"https:\/\/greenedu-project.eu\/wp-content\/uploads\/2025\/11\/VIVES-thumbnail.jpg 1564w, https:\/\/greenedu-project.eu\/wp-content\/uploads\/2025\/11\/VIVES-thumbnail-300x197.jpg 300w, https:\/\/greenedu-project.eu\/wp-content\/uploads\/2025\/11\/VIVES-thumbnail-1024x673.jpg 1024w, https:\/\/greenedu-project.eu\/wp-content\/uploads\/2025\/11\/VIVES-thumbnail-768x505.jpg 768w, https:\/\/greenedu-project.eu\/wp-content\/uploads\/2025\/11\/VIVES-thumbnail-1536x1010.jpg 1536w, https:\/\/greenedu-project.eu\/wp-content\/uploads\/2025\/11\/VIVES-thumbnail-18x12.jpg 18w, https:\/\/greenedu-project.eu\/wp-content\/uploads\/2025\/11\/VIVES-thumbnail-1320x868.jpg 1320w\" sizes=\"(max-width: 1564px) 100vw, 1564px\" \/>\t\t\t\t\t\t<\/div>\n\t\t\t\t\t\t\t\t\t\t\t\t\t<div class=\"premium-blog-thumbnail-overlay\">\n\t\t\t\t\t\t\t\t<a class=\"elementor-icon\" href=\"https:\/\/greenedu-project.eu\/et\/newsletter-august-2025\/\" target=\"_blank\"><\/a>\n\t\t\t\t\t\t\t<\/div>\n\n\t\t\t\t\t\t\t\t\t\t\t\t\t\t\t\t\t\t<\/div>\n\t\t\t\t\t\t\t\t\t\t\t\t<div class=\"premium-blog-content-wrapper\">\n\n\t\t\t\t\t<div class=\"premium-blog-inner-container\">\n\n\t\t\t\t\t\t\t\t\t\t\t\t\t\t<h2 class=\"premium-blog-entry-title\">\n\t\t\t<a href=\"https:\/\/greenedu-project.eu\/et\/newsletter-august-2025\/\" target=\"_blank\">\n\t\t\t\tNewsletter: September 2025\t\t\t<\/a>\n\t\t<\/h2>\n\t\t\t\t<div class=\"premium-blog-entry-meta\">\n\t\t\t\n\t\t\t\t\t\t\t<span class=\"premium-blog-meta-separator\">-<\/span>\n\t\t\t\t<div class=\"premium-blog-post-time premium-blog-meta-data\">\n\t\t\t\t\t<i class=\"fa fa-calendar-alt\" aria-hidden=\"true\"><\/i>\n\t\t\t\t\t<span>november 10, 2025<\/span>\n\t\t\t\t<\/div>\n\t\t\t\n\t\t\t\t\t\t\t<span class=\"premium-blog-meta-separator\">-<\/span>\n\t\t\t\t<div class=\"premium-blog-post-categories premium-blog-meta-data\">\n\t\t\t\t\t<i class=\"fa fa-align-left fa-fw\" aria-hidden=\"true\"><\/i>\n\t\t\t\t\t<a href=\"https:\/\/greenedu-project.eu\/et\/category\/newsletter\/\" rel=\"category tag\">Uudiskiri<\/a>\t\t\t\t<\/div>\n\t\t\t\n\t\t\t\t\t<\/div>\n\t\t\n\t\t\t\t\t<\/div>\n\n\t\t\t\t\t\t\t<div class=\"premium-blog-content-inner-wrapper\">\n\t\t<p class=\"premium-blog-post-content\">GreenEDU rakendamise ja muude asjakohaste \u00fcrituste eesm\u00e4rk on toetada k\u00f5rgharidust\u00f6\u00f6tajaid ja \u00fcli\u00f5pilasi roheliste ja digitaalsete oskuste arendamisel, mis v\u00f5imaldavad neil p\u00e4rast \u00fclikooli l\u00f5petamist osaleda rohelises majanduses, mis v\u00f5imaldab neil v\u00f5idelda keskkonnaseisundi halvenemise vastu. Lisaks h\u00f5lbustab partnerlus hindamis- ja katsetamistegevust ning pilootseminare. L\u00f5puks korraldatakse reklaamtegevusi ja 4 \u00fcritust, et projekti ja selle tulemusi veelgi rohkem levitada. GreenEDU projekti kaasrahastab Euroopa Liidu programm Erasmus+.\u00a0<\/p><div class=\"premium-blog-excerpt-link-wrap\"><a href=\"https:\/\/greenedu-project.eu\/et\/newsletter-august-2025\/\" target=\"_blank\" class=\"premium-blog-excerpt-link elementor-button\">Loe edasi \"<\/a><\/div>\t\t<\/div>\n\t\t\t\t\t\t\t\n\t\t\t\t<\/div>\n\t\t\t<\/div>\n\t\t<\/div>\n\n\t\t\t\t<div class=\"premium-blog-post-outer-container newsletter\" data-total=\"1\">\n\t\t\t<div class=\"premium-blog-post-container premium-blog-skin-classic\">\n\t\t\t\t\t\t\t\t\t<div class=\"premium-blog-thumb-effect-wrapper\">\n\t\t\t\t\t\t<div class=\"premium-blog-thumbnail-container premium-blog-zoomin-effect\">\n\t\t\t\t\t\t\t<img decoding=\"async\" width=\"1600\" height=\"1288\" src=\"https:\/\/greenedu-project.eu\/wp-content\/uploads\/2025\/03\/image.jpeg\" class=\"attachment-full size-full wp-image-31\" alt=\"\" srcset=\"https:\/\/greenedu-project.eu\/wp-content\/uploads\/2025\/03\/image.jpeg 1600w, https:\/\/greenedu-project.eu\/wp-content\/uploads\/2025\/03\/image-300x242.jpeg 300w, https:\/\/greenedu-project.eu\/wp-content\/uploads\/2025\/03\/image-1024x824.jpeg 1024w, https:\/\/greenedu-project.eu\/wp-content\/uploads\/2025\/03\/image-768x618.jpeg 768w, https:\/\/greenedu-project.eu\/wp-content\/uploads\/2025\/03\/image-1536x1236.jpeg 1536w\" sizes=\"(max-width: 1600px) 100vw, 1600px\" \/>\t\t\t\t\t\t<\/div>\n\t\t\t\t\t\t\t\t\t\t\t\t\t<div class=\"premium-blog-thumbnail-overlay\">\n\t\t\t\t\t\t\t\t<a class=\"elementor-icon\" href=\"https:\/\/greenedu-project.eu\/et\/newsletter-march-2025\/\" target=\"_blank\"><\/a>\n\t\t\t\t\t\t\t<\/div>\n\n\t\t\t\t\t\t\t\t\t\t\t\t\t\t\t\t\t\t<\/div>\n\t\t\t\t\t\t\t\t\t\t\t\t<div class=\"premium-blog-content-wrapper\">\n\n\t\t\t\t\t<div class=\"premium-blog-inner-container\">\n\n\t\t\t\t\t\t\t\t\t\t\t\t\t\t<h2 class=\"premium-blog-entry-title\">\n\t\t\t<a href=\"https:\/\/greenedu-project.eu\/et\/newsletter-march-2025\/\" target=\"_blank\">\n\t\t\t\tUudiskiri: M\u00e4rts 2025\t\t\t<\/a>\n\t\t<\/h2>\n\t\t\t\t<div class=\"premium-blog-entry-meta\">\n\t\t\t\n\t\t\t\t\t\t\t<span class=\"premium-blog-meta-separator\">-<\/span>\n\t\t\t\t<div class=\"premium-blog-post-time premium-blog-meta-data\">\n\t\t\t\t\t<i class=\"fa fa-calendar-alt\" aria-hidden=\"true\"><\/i>\n\t\t\t\t\t<span>m\u00e4rts 24, 2025<\/span>\n\t\t\t\t<\/div>\n\t\t\t\n\t\t\t\t\t\t\t<span class=\"premium-blog-meta-separator\">-<\/span>\n\t\t\t\t<div class=\"premium-blog-post-categories premium-blog-meta-data\">\n\t\t\t\t\t<i class=\"fa fa-align-left fa-fw\" aria-hidden=\"true\"><\/i>\n\t\t\t\t\t<a href=\"https:\/\/greenedu-project.eu\/et\/category\/newsletter\/\" rel=\"category tag\">Uudiskiri<\/a>\t\t\t\t<\/div>\n\t\t\t\n\t\t\t\t\t<\/div>\n\t\t\n\t\t\t\t\t<\/div>\n\n\t\t\t\t\t\t\t<div class=\"premium-blog-content-inner-wrapper\">\n\t\t<p class=\"premium-blog-post-content\">GreenEDU rakendamise ja muude asjakohaste \u00fcrituste eesm\u00e4rk on toetada k\u00f5rgharidust\u00f6\u00f6tajaid ja \u00fcli\u00f5pilasi roheliste ja digitaalsete oskuste arendamisel, mis v\u00f5imaldavad neil p\u00e4rast \u00fclikooli l\u00f5petamist osaleda rohelises majanduses, mis v\u00f5imaldab neil v\u00f5idelda keskkonnaseisundi halvenemise vastu. Lisaks h\u00f5lbustab partnerlus hindamis- ja katsetamistegevust ning pilootseminare. L\u00f5puks korraldatakse reklaamtegevusi ja 4 \u00fcritust, et projekti ja selle tulemusi veelgi rohkem levitada. GreenEDU projekti kaasrahastab Euroopa Liidu programm Erasmus+.\u00a0<\/p><div class=\"premium-blog-excerpt-link-wrap\"><a href=\"https:\/\/greenedu-project.eu\/et\/newsletter-march-2025\/\" target=\"_blank\" class=\"premium-blog-excerpt-link elementor-button\">Loe edasi \"<\/a><\/div>\t\t<\/div>\n\t\t\t\t\t\t\t\n\t\t\t\t<\/div>\n\t\t\t<\/div>\n\t\t<\/div>\n\n\t\t\t\t\t\t\t<\/div>\n\n\t\t\n\t\t\n\t\t\t\t\t\t<\/div>\n\t\t\t\t<\/div>\n\t\t\t\t\t<\/div>\n\t\t\t\t<\/div>\n\t\t<div class=\"elementor-element elementor-element-6ab950e e-flex e-con-boxed e-con e-parent\" data-id=\"6ab950e\" data-element_type=\"container\" data-e-type=\"container\">\n\t\t\t\t\t<div class=\"e-con-inner\">\n\t\t\t\t<div class=\"elementor-element elementor-element-028c2ef elementor-widget elementor-widget-spacer\" data-id=\"028c2ef\" data-element_type=\"widget\" data-e-type=\"widget\" data-widget_type=\"spacer.default\">\n\t\t\t\t<div class=\"elementor-widget-container\">\n\t\t\t\t\t\t\t<div class=\"elementor-spacer\">\n\t\t\t<div class=\"elementor-spacer-inner\"><\/div>\n\t\t<\/div>\n\t\t\t\t\t\t<\/div>\n\t\t\t\t<\/div>\n\t\t\t\t\t<\/div>\n\t\t\t\t<\/div>\n\t\t\t\t<\/div>","protected":false},"excerpt":{"rendered":"<p>Posts All Article Newsletter Introduction to GreenEDU\u00a0 \u2022 August 3, 2025 \u2022 Article News Introduction to GreenEDU GreenEDU implementation activities and other relevant events aim to support HE educators and students in developing green and digital skills that will allow them to participate in the green economy once graduated which will allow them to fight [&hellip;]<\/p>\n","protected":false},"author":1,"featured_media":0,"parent":0,"menu_order":0,"comment_status":"closed","ping_status":"closed","template":"","meta":{"_eb_attr":"","footnotes":""},"class_list":["post-917","page","type-page","status-publish","hentry"],"yoast_head":"<!-- This site is optimized with the Yoast SEO plugin v27.4 - https:\/\/yoast.com\/product\/yoast-seo-wordpress\/ -->\n<title>Posts - GreenEDU<\/title>\n<meta name=\"robots\" content=\"index, follow, max-snippet:-1, max-image-preview:large, max-video-preview:-1\" \/>\n<link rel=\"canonical\" href=\"https:\/\/greenedu-project.eu\/et\/uudistest\/\" \/>\n<meta property=\"og:locale\" content=\"et_EE\" \/>\n<meta property=\"og:type\" content=\"article\" \/>\n<meta property=\"og:title\" content=\"Posts - GreenEDU\" \/>\n<meta property=\"og:description\" content=\"Posts All Article Newsletter Introduction to GreenEDU\u00a0 \u2022 August 3, 2025 \u2022 Article News Introduction to GreenEDU GreenEDU implementation activities and other relevant events aim to support HE educators and students in developing green and digital skills that will allow them to participate in the green economy once graduated which will allow them to fight [&hellip;]\" \/>\n<meta property=\"og:url\" content=\"https:\/\/greenedu-project.eu\/et\/uudistest\/\" \/>\n<meta property=\"og:site_name\" content=\"GreenEDU\" \/>\n<meta property=\"article:modified_time\" content=\"2025-11-17T06:54:34+00:00\" \/>\n<meta property=\"og:image\" content=\"https:\/\/greenedu-project.eu\/wp-content\/uploads\/2025\/08\/pexels-photo-1595391-1595391-scaled.jpg\" \/>\n<meta name=\"twitter:card\" content=\"summary_large_image\" \/>\n<meta name=\"twitter:label1\" content=\"Est. reading time\" \/>\n\t<meta name=\"twitter:data1\" content=\"1 minut\" \/>\n<script type=\"application\/ld+json\" class=\"yoast-schema-graph\">{\"@context\":\"https:\\\/\\\/schema.org\",\"@graph\":[{\"@type\":\"WebPage\",\"@id\":\"https:\\\/\\\/greenedu-project.eu\\\/fr\\\/nouvelles\\\/\",\"url\":\"https:\\\/\\\/greenedu-project.eu\\\/fr\\\/nouvelles\\\/\",\"name\":\"Posts - GreenEDU\",\"isPartOf\":{\"@id\":\"https:\\\/\\\/greenedu-project.eu\\\/grc\\\/#website\"},\"primaryImageOfPage\":{\"@id\":\"https:\\\/\\\/greenedu-project.eu\\\/fr\\\/nouvelles\\\/#primaryimage\"},\"image\":{\"@id\":\"https:\\\/\\\/greenedu-project.eu\\\/fr\\\/nouvelles\\\/#primaryimage\"},\"thumbnailUrl\":\"https:\\\/\\\/greenedu-project.eu\\\/wp-content\\\/uploads\\\/2025\\\/08\\\/pexels-photo-1595391-1595391-scaled.jpg\",\"datePublished\":\"2025-08-03T16:03:52+00:00\",\"dateModified\":\"2025-11-17T06:54:34+00:00\",\"breadcrumb\":{\"@id\":\"https:\\\/\\\/greenedu-project.eu\\\/fr\\\/nouvelles\\\/#breadcrumb\"},\"inLanguage\":\"et\",\"potentialAction\":[{\"@type\":\"ReadAction\",\"target\":[\"https:\\\/\\\/greenedu-project.eu\\\/fr\\\/nouvelles\\\/\"]}]},{\"@type\":\"ImageObject\",\"inLanguage\":\"et\",\"@id\":\"https:\\\/\\\/greenedu-project.eu\\\/fr\\\/nouvelles\\\/#primaryimage\",\"url\":\"https:\\\/\\\/greenedu-project.eu\\\/wp-content\\\/uploads\\\/2025\\\/08\\\/pexels-photo-1595391-1595391-scaled.jpg\",\"contentUrl\":\"https:\\\/\\\/greenedu-project.eu\\\/wp-content\\\/uploads\\\/2025\\\/08\\\/pexels-photo-1595391-1595391-scaled.jpg\"},{\"@type\":\"BreadcrumbList\",\"@id\":\"https:\\\/\\\/greenedu-project.eu\\\/fr\\\/nouvelles\\\/#breadcrumb\",\"itemListElement\":[{\"@type\":\"ListItem\",\"position\":1,\"name\":\"Home\",\"item\":\"https:\\\/\\\/greenedu-project.eu\\\/pl\\\/\"},{\"@type\":\"ListItem\",\"position\":2,\"name\":\"Posts\"}]},{\"@type\":\"WebSite\",\"@id\":\"https:\\\/\\\/greenedu-project.eu\\\/grc\\\/#website\",\"url\":\"https:\\\/\\\/greenedu-project.eu\\\/grc\\\/\",\"name\":\"GreenEDU\",\"description\":\"Support HE educators and students in developing green and digital skills\",\"publisher\":{\"@id\":\"https:\\\/\\\/greenedu-project.eu\\\/grc\\\/#organization\"},\"potentialAction\":[{\"@type\":\"SearchAction\",\"target\":{\"@type\":\"EntryPoint\",\"urlTemplate\":\"https:\\\/\\\/greenedu-project.eu\\\/grc\\\/?s={search_term_string}\"},\"query-input\":{\"@type\":\"PropertyValueSpecification\",\"valueRequired\":true,\"valueName\":\"search_term_string\"}}],\"inLanguage\":\"et\"},{\"@type\":\"Organization\",\"@id\":\"https:\\\/\\\/greenedu-project.eu\\\/grc\\\/#organization\",\"name\":\"GreenEDU\",\"url\":\"https:\\\/\\\/greenedu-project.eu\\\/grc\\\/\",\"logo\":{\"@type\":\"ImageObject\",\"inLanguage\":\"et\",\"@id\":\"https:\\\/\\\/greenedu-project.eu\\\/grc\\\/#\\\/schema\\\/logo\\\/image\\\/\",\"url\":\"https:\\\/\\\/greenedu-project.eu\\\/wp-content\\\/uploads\\\/2025\\\/03\\\/GreenEDU-logo-Color-horizontal-1.png\",\"contentUrl\":\"https:\\\/\\\/greenedu-project.eu\\\/wp-content\\\/uploads\\\/2025\\\/03\\\/GreenEDU-logo-Color-horizontal-1.png\",\"width\":677,\"height\":319,\"caption\":\"GreenEDU\"},\"image\":{\"@id\":\"https:\\\/\\\/greenedu-project.eu\\\/grc\\\/#\\\/schema\\\/logo\\\/image\\\/\"}}]}<\/script>\n<!-- \/ Yoast SEO plugin. -->","yoast_head_json":{"title":"Posts - GreenEDU","robots":{"index":"index","follow":"follow","max-snippet":"max-snippet:-1","max-image-preview":"max-image-preview:large","max-video-preview":"max-video-preview:-1"},"canonical":"https:\/\/greenedu-project.eu\/et\/uudistest\/","og_locale":"et_EE","og_type":"article","og_title":"Posts - GreenEDU","og_description":"Posts All Article Newsletter Introduction to GreenEDU\u00a0 \u2022 August 3, 2025 \u2022 Article News Introduction to GreenEDU GreenEDU implementation activities and other relevant events aim to support HE educators and students in developing green and digital skills that will allow them to participate in the green economy once graduated which will allow them to fight [&hellip;]","og_url":"https:\/\/greenedu-project.eu\/et\/uudistest\/","og_site_name":"GreenEDU","article_modified_time":"2025-11-17T06:54:34+00:00","og_image":[{"url":"https:\/\/greenedu-project.eu\/wp-content\/uploads\/2025\/08\/pexels-photo-1595391-1595391-scaled.jpg","type":"","width":"","height":""}],"twitter_card":"summary_large_image","twitter_misc":{"Est. reading time":"1 minut"},"schema":{"@context":"https:\/\/schema.org","@graph":[{"@type":"WebPage","@id":"https:\/\/greenedu-project.eu\/fr\/nouvelles\/","url":"https:\/\/greenedu-project.eu\/fr\/nouvelles\/","name":"Posts - GreenEDU","isPartOf":{"@id":"https:\/\/greenedu-project.eu\/grc\/#website"},"primaryImageOfPage":{"@id":"https:\/\/greenedu-project.eu\/fr\/nouvelles\/#primaryimage"},"image":{"@id":"https:\/\/greenedu-project.eu\/fr\/nouvelles\/#primaryimage"},"thumbnailUrl":"https:\/\/greenedu-project.eu\/wp-content\/uploads\/2025\/08\/pexels-photo-1595391-1595391-scaled.jpg","datePublished":"2025-08-03T16:03:52+00:00","dateModified":"2025-11-17T06:54:34+00:00","breadcrumb":{"@id":"https:\/\/greenedu-project.eu\/fr\/nouvelles\/#breadcrumb"},"inLanguage":"et","potentialAction":[{"@type":"ReadAction","target":["https:\/\/greenedu-project.eu\/fr\/nouvelles\/"]}]},{"@type":"ImageObject","inLanguage":"et","@id":"https:\/\/greenedu-project.eu\/fr\/nouvelles\/#primaryimage","url":"https:\/\/greenedu-project.eu\/wp-content\/uploads\/2025\/08\/pexels-photo-1595391-1595391-scaled.jpg","contentUrl":"https:\/\/greenedu-project.eu\/wp-content\/uploads\/2025\/08\/pexels-photo-1595391-1595391-scaled.jpg"},{"@type":"BreadcrumbList","@id":"https:\/\/greenedu-project.eu\/fr\/nouvelles\/#breadcrumb","itemListElement":[{"@type":"ListItem","position":1,"name":"Home","item":"https:\/\/greenedu-project.eu\/pl\/"},{"@type":"ListItem","position":2,"name":"Posts"}]},{"@type":"WebSite","@id":"https:\/\/greenedu-project.eu\/grc\/#website","url":"https:\/\/greenedu-project.eu\/grc\/","name":"GreenEDU","description":"Toetada k\u00f5rgharidust\u00f6\u00f6tajaid ja \u00fcli\u00f5pilasi roheliste ja digitaalsete oskuste arendamisel.","publisher":{"@id":"https:\/\/greenedu-project.eu\/grc\/#organization"},"potentialAction":[{"@type":"SearchAction","target":{"@type":"EntryPoint","urlTemplate":"https:\/\/greenedu-project.eu\/grc\/?s={search_term_string}"},"query-input":{"@type":"PropertyValueSpecification","valueRequired":true,"valueName":"search_term_string"}}],"inLanguage":"et"},{"@type":"Organization","@id":"https:\/\/greenedu-project.eu\/grc\/#organization","name":"GreenEDU","url":"https:\/\/greenedu-project.eu\/grc\/","logo":{"@type":"ImageObject","inLanguage":"et","@id":"https:\/\/greenedu-project.eu\/grc\/#\/schema\/logo\/image\/","url":"https:\/\/greenedu-project.eu\/wp-content\/uploads\/2025\/03\/GreenEDU-logo-Color-horizontal-1.png","contentUrl":"https:\/\/greenedu-project.eu\/wp-content\/uploads\/2025\/03\/GreenEDU-logo-Color-horizontal-1.png","width":677,"height":319,"caption":"GreenEDU"},"image":{"@id":"https:\/\/greenedu-project.eu\/grc\/#\/schema\/logo\/image\/"}}]}},"_links":{"self":[{"href":"https:\/\/greenedu-project.eu\/et\/wp-json\/wp\/v2\/pages\/917","targetHints":{"allow":["GET"]}}],"collection":[{"href":"https:\/\/greenedu-project.eu\/et\/wp-json\/wp\/v2\/pages"}],"about":[{"href":"https:\/\/greenedu-project.eu\/et\/wp-json\/wp\/v2\/types\/page"}],"author":[{"embeddable":true,"href":"https:\/\/greenedu-project.eu\/et\/wp-json\/wp\/v2\/users\/1"}],"replies":[{"embeddable":true,"href":"https:\/\/greenedu-project.eu\/et\/wp-json\/wp\/v2\/comments?post=917"}],"version-history":[{"count":54,"href":"https:\/\/greenedu-project.eu\/et\/wp-json\/wp\/v2\/pages\/917\/revisions"}],"predecessor-version":[{"id":1380,"href":"https:\/\/greenedu-project.eu\/et\/wp-json\/wp\/v2\/pages\/917\/revisions\/1380"}],"wp:attachment":[{"href":"https:\/\/greenedu-project.eu\/et\/wp-json\/wp\/v2\/media?parent=917"}],"curies":[{"name":"wp","href":"https:\/\/api.w.org\/{rel}","templated":true}]}}