{"id":459,"date":"2025-06-05T16:00:52","date_gmt":"2025-06-05T16:00:52","guid":{"rendered":"https:\/\/greenedu-project.eu\/?page_id=459"},"modified":"2025-11-17T06:53:15","modified_gmt":"2025-11-17T06:53:15","slug":"partners-draft","status":"publish","type":"page","link":"https:\/\/greenedu-project.eu\/nl\/partners-draft\/","title":{"rendered":"Partners (Draft)"},"content":{"rendered":"<div class=\"wp-block-essential-blocks-advanced-tabs alignwide  root-eb-advanced-tabs-lkeia\"><div class=\"eb-parent-wrapper eb-parent-eb-advanced-tabs-lkeia\"><div class=\"eb-advanced-tabs-lkeia eb-advanced-tabs-wrapper horizontal\" data-min-height=\"true\"><div class=\"eb-tabs-nav\"><ul class=\"tabTitles\" data-tabs-ul-id=\"eb-advanced-tabs-lkeia\"><li data-title-tab-id=\"6\" class=\"active\"><i icon=\"fas fa-home\" class=\"fas fa-home tabIcon\"><\/i><h6 class=\"tab-title-text\">TUL<\/h6><\/li><li data-title-tab-id=\"1\" data-title-custom-id=\"\" class=\"inactive\"><i icon=\"fas fa-home\" class=\"fas fa-home tabIcon\"><\/i><h6 class=\"tab-title-text\">UNIC<\/h6><\/li><li data-title-tab-id=\"2\" data-title-custom-id=\"\" class=\"inactive\"><i icon=\"fas fa-home\" class=\"fas fa-home tabIcon\"><\/i><h6 class=\"tab-title-text\">Universiteit van Tartu<\/h6><\/li><li data-title-tab-id=\"3\" data-title-custom-id=\"\" class=\"inactive\"><i icon=\"fas fa-home\" class=\"fas fa-home tabIcon\"><\/i><h6 class=\"tab-title-text\">CleverMind<\/h6><\/li><li data-title-tab-id=\"5\" class=\"inactive\"><i icon=\"fas fa-home\" class=\"fas fa-home tabIcon\"><\/i><h6 class=\"tab-title-text\">INNOVADE<\/h6><\/li><li data-title-tab-id=\"7\" class=\"inactive\"><i icon=\"fas fa-home\" class=\"fas fa-home tabIcon\"><\/i><h6 class=\"tab-title-text\">UT<\/h6><\/li><\/ul><\/div><div class=\"eb-tabs-contents\">\n<div class=\"eb-tab-wrapper\" data-tab-id=\"1\" data-tab-parent-id=\"eb-advanced-tabs-lkeia\"><div class=\"eb-tab-inner\">\n<div class=\"wp-block-essential-blocks-text  root-eb-text-f53qu\"><div class=\"eb-parent-wrapper eb-parent-eb-text-f53qu\"><div class=\"eb-text-wrapper eb-text-f53qu\" data-id=\"eb-text-f53qu\"><p class=\"eb-text\"><strong>Inleiding<\/strong><br><br>&#8230;<br><br><strong>UNIC&#8217;s role in GreenEDU<\/strong><br><br><strong>UNIC <\/strong>is the leader for <strong>WP2<\/strong>: e-Toolkit and Green Higher Education (HE) strategy. This work package aims to prepare and implement a Green Higher Education Action Plan to help improve the green skills and competencies of HE students and build the capacity of HE educators to use Mobile Augmented Reality to teach students how to address the green economy and the changing labor market, especially in the STEM, education, and business sectors. As part of this WP, UNIC will lead the development of the GreenEDU Higher Education Strategy to enable the activities and results of the project and the creation of the GreenEDU e-Toolkit which will provide guidelines and theoretical material to HE educators to assist them in transferring the relevant knowledge to their students.<\/p><\/div><\/div><\/div>\n<\/div><\/div>\n\n\n\n<div class=\"eb-tab-wrapper\" data-tab-id=\"2\" data-tab-parent-id=\"eb-advanced-tabs-lkeia\"><div class=\"eb-tab-inner\">\n<div class=\"wp-block-essential-blocks-text  root-eb-text-64mb0\"><div class=\"eb-parent-wrapper eb-parent-eb-text-64mb0\"><div class=\"eb-text-wrapper eb-text-64mb0\" data-id=\"eb-text-64mb0\"><p class=\"eb-text\"><strong>Inleiding<\/strong><br><br>&#8230;<br><br><strong>VIVES&#8217;s role in GreenEDU<\/strong><br><br><strong>Universiteit van Tartu <\/strong>University of Applied Sciences is in the lead for <strong>WP3<\/strong>, which focuses on designing and developing a GreenEDU AR Green Curriculum aimed at building the capacity of higher education (HE) educators and institutions. This curriculum will enable HE students to enhance their green skills and competencies through the use of Mobile Augmented Reality (MARG), addressing the changing economy and environmental challenges. The objectives of this work package are: 1) developing a green curriculum to equip educators with the necessary knowledge about the green economy and digital transformation; 2) building educators&#8217; capacity to use AR in addressing environmental change and green economy opportunities; and 3) creating a GreenEDU framework to enhance educators&#8217; understanding of best practices in promoting green and digital transitions.<\/p><\/div><\/div><\/div>\n<\/div><\/div>\n\n\n\n<div class=\"eb-tab-wrapper\" data-tab-id=\"3\" data-tab-parent-id=\"eb-advanced-tabs-lkeia\"><div class=\"eb-tab-inner\">\n<div class=\"wp-block-essential-blocks-text  root-eb-text-gra6t\"><div class=\"eb-parent-wrapper eb-parent-eb-text-gra6t\"><div class=\"eb-text-wrapper eb-text-gra6t\" data-id=\"eb-text-gra6t\"><p class=\"eb-text\"><strong>Inleiding<\/strong><br><br>&#8230;<br><br><strong>CLeverMind&#8217;s role in GreenEDU<\/strong><br><br><strong>CleverMind <\/strong>is co-leading <strong>WP4<\/strong>: GreenEDU Digital Escape Rooms. This WP focuses on developing innovative pedagogical quality resources for HE educators to use and improve HE students\u2019 green skills and competencies and engagement towards the green economy and Increase awareness of students about the significance of the changing labor market through the set of Digital Escape Rooms to support both target groups, HE educators and students. CleverMind is responsible for preparation of 6 Animation GreenEDU video series linked with the Digital Escape Rooms to raise awareness among HE students and enable them to change behaviour, be climate-conscious and contribute to the green transition by the use of their skills and compete.<\/p><\/div><\/div><\/div>\n<\/div><\/div>\n\n\n\n<div class=\"eb-tab-wrapper\" data-tab-id=\"5\" data-tab-parent-id=\"eb-advanced-tabs-lkeia\"><div class=\"eb-tab-inner\">\n<div class=\"wp-block-essential-blocks-text  root-eb-text-vdbc6\"><div class=\"eb-parent-wrapper eb-parent-eb-text-vdbc6\"><div class=\"eb-text-wrapper eb-text-vdbc6\" data-id=\"eb-text-vdbc6\"><p class=\"eb-text\"><strong>Inleiding<\/strong><br><br>&#8230;<br><br><strong>INNOVADE&#8217;s role in GreenEDU<\/strong><br><br><strong>INNOVADE <\/strong>co-leading <strong>WP4<\/strong>, which focuses on the design and development of innovative Digital Escape Rooms as a pedagogical tool to enhance students\u2019 green and digital skills. By integrating gamification and immersive learning strategies, INNOVADE seeks to boost student motivation, foster critical thinking, and promote active learning around sustainability and climate action topics.<br>Daarnaast was INNOVADE er trots op mede-gastheer te zijn van de kick-offbijeenkomst van het project in Nicosia, waarmee het vanaf het begin blijk gaf van zijn betrokkenheid bij sectoroverschrijdende samenwerking en effectieve projectco\u00f6rdinatie. Met deze inspanningen wil INNOVADE de impact en duurzaamheid van de GreenEDU-resultaten maximaliseren, zowel op nationaal als Europees niveau.<\/p><\/div><\/div><\/div>\n<\/div><\/div>\n\n\n\n<div class=\"eb-tab-wrapper\" data-tab-id=\"6\" data-tab-parent-id=\"eb-advanced-tabs-lkeia\"><div class=\"eb-tab-inner\">\n<div class=\"wp-block-essential-blocks-text  root-eb-text-bg0sl\"><div class=\"eb-parent-wrapper eb-parent-eb-text-bg0sl\"><div class=\"eb-text-wrapper eb-text-bg0sl\" data-id=\"eb-text-bg0sl\"><p class=\"eb-text\"><strong>Inleiding<\/strong><br><br>De <b>Technische Universiteit van \u0141\u00f3d\u017a (TUL)<\/b>, opgericht in 1945, is een van de toonaangevende technische universiteiten in Polen. Met een sterke traditie in ingenieurswetenschappen en technologie, kan de universiteit bogen op een rijke academische geschiedenis, innovatief onderzoek en een toewijding aan het opleiden van hooggekwalificeerde professionals. TUL biedt een breed scala aan opleidingen op het gebied van ingenieurswetenschappen, technologie en toegepaste wetenschappen, waarmee het studenten en onderzoekers van over de hele wereld aantrekt. De universiteit staat bekend om haar bijdragen aan wetenschappelijke vooruitgang en haar inzet voor duurzaamheid en technologische innovatie.<br><br><strong>TUL&#8217;s role in GreenEDU<\/strong><br><br>Politechnika \u0141\u00f3dzka contributes to the GreenEDU project through several key activities, e.g.:<br><br>&#8211; Expertise in sustainability and green technologies: leveraging its strong background in environmental engineering and sustainable practices, TUL provides academic expertise and educational resources essential for developing project curricula and educational materials.<br>&#8211; Research and development: The university&#8217;s research capabilities support the creation and dissemination of new knowledge and innovations at the intersection of higher education and the green economy.<br>&#8211; Curriculum development: TUL leads the design and implementation of educational modules that bridge educational and skill gaps, preparing students for future roles in the green economy.<\/p><\/div><\/div><\/div>\n<\/div><\/div>\n\n\n\n<div class=\"eb-tab-wrapper\" data-tab-id=\"7\" data-tab-parent-id=\"eb-advanced-tabs-lkeia\"><div class=\"eb-tab-inner\">\n<div class=\"wp-block-essential-blocks-text  root-eb-text-gnhjv\"><div class=\"eb-parent-wrapper eb-parent-eb-text-gnhjv\"><div class=\"eb-text-wrapper eb-text-gnhjv\" data-id=\"eb-text-gnhjv\"><p class=\"eb-text\"><strong>Inleiding<\/strong><br><br>&#8230;<br><br><strong>UT&#8217;s role in GreenEDU<\/strong><\/p><\/div><\/div><\/div>\n<\/div><\/div>\n<\/div><\/div><\/div><\/div>\n\n\n<nav class=\"is-responsive wp-block-navigation is-layout-flex wp-block-navigation-is-layout-flex\" aria-label=\"Navigation\" \n\t\t data-wp-interactive=\"core\/navigation\" data-wp-context='{\"overlayOpenedBy\":{\"click\":false,\"hover\":false,\"focus\":false},\"type\":\"overlay\",\"roleAttribute\":\"\",\"ariaLabel\":\"Menu\"}'><button aria-haspopup=\"dialog\" aria-label=\"Menu openen\" class=\"wp-block-navigation__responsive-container-open\" \n\t\t\t\tdata-wp-on--click=\"actions.openMenuOnClick\"\n\t\t\t\tdata-wp-on--keydown=\"actions.handleMenuKeydown\"\n\t\t\t><svg width=\"24\" height=\"24\" xmlns=\"http:\/\/www.w3.org\/2000\/svg\" viewbox=\"0 0 24 24\" aria-hidden=\"true\" focusable=\"false\"><path d=\"M4 7.5h16v1.5H4z\"><\/path><path d=\"M4 15h16v1.5H4z\"><\/path><\/svg><\/button>\n\t\t\t\t<div class=\"wp-block-navigation__responsive-container\"  id=\"modal-1\" \n\t\t\t\tdata-wp-class--has-modal-open=\"state.isMenuOpen\"\n\t\t\t\tdata-wp-class--is-menu-open=\"state.isMenuOpen\"\n\t\t\t\tdata-wp-watch=\"callbacks.initMenu\"\n\t\t\t\tdata-wp-on--keydown=\"actions.handleMenuKeydown\"\n\t\t\t\tdata-wp-on--focusout=\"actions.handleMenuFocusout\"\n\t\t\t\ttabindex=\"-1\"\n\t\t\t>\n\t\t\t\t\t<div class=\"wp-block-navigation__responsive-close\" tabindex=\"-1\">\n\t\t\t\t\t\t<div class=\"wp-block-navigation__responsive-dialog\" \n\t\t\t\tdata-wp-bind--aria-modal=\"state.ariaModal\"\n\t\t\t\tdata-wp-bind--aria-label=\"state.ariaLabel\"\n\t\t\t\tdata-wp-bind--role=\"state.roleAttribute\"\n\t\t\t>\n\t\t\t\t\t\t\t<button aria-label=\"Menu sluiten\" class=\"wp-block-navigation__responsive-container-close\" \n\t\t\t\tdata-wp-on--click=\"actions.closeMenuOnClick\"\n\t\t\t><svg xmlns=\"http:\/\/www.w3.org\/2000\/svg\" viewbox=\"0 0 24 24\" width=\"24\" height=\"24\" aria-hidden=\"true\" focusable=\"false\"><path d=\"m13.06 12 6.47-6.47-1.06-1.06L12 10.94 5.53 4.47 4.47 5.53 10.94 12l-6.47 6.47 1.06 1.06L12 13.06l6.47 6.47 1.06-1.06L13.06 12Z\"><\/path><\/svg><\/button>\n\t\t\t\t\t\t\t<div class=\"wp-block-navigation__responsive-container-content\" \n\t\t\t\tdata-wp-watch=\"callbacks.focusFirstElement\"\n\t\t\t id=\"modal-1-content\">\n\t\t\t\t\t\t\t\t<ul class=\"wp-block-navigation__container is-responsive wp-block-navigation\"><ul class=\"wp-block-page-list\"><li class=\"wp-block-pages-list__item wp-block-navigation-item open-on-hover-click\"><a class=\"wp-block-pages-list__item__link wp-block-navigation-item__content\" href=\"https:\/\/greenedu-project.eu\/nl\/about-us\/\">Over ons<\/a><\/li><li class=\"wp-block-pages-list__item wp-block-navigation-item open-on-hover-click\"><a class=\"wp-block-pages-list__item__link wp-block-navigation-item__content\" href=\"https:\/\/greenedu-project.eu\/nl\/contact-us\/\">Neem contact met ons op<\/a><\/li><li class=\"wp-block-pages-list__item wp-block-navigation-item open-on-hover-click\"><a class=\"wp-block-pages-list__item__link wp-block-navigation-item__content\" href=\"https:\/\/greenedu-project.eu\/nl\/customer-cabinet\/\">Customer Cabinet<\/a><\/li><li data-wp-context=\"{ &quot;submenuOpenedBy&quot;: { &quot;click&quot;: false, &quot;hover&quot;: false, &quot;focus&quot;: false }, &quot;type&quot;: &quot;submenu&quot;, &quot;modal&quot;: null, &quot;previousFocus&quot;: null }\" data-wp-interactive=\"core\/navigation\" data-wp-on--focusout=\"actions.handleMenuFocusout\" data-wp-on--keydown=\"actions.handleMenuKeydown\" data-wp-on--mouseenter=\"actions.openMenuOnHover\" data-wp-on--mouseleave=\"actions.closeMenuOnHover\" data-wp-watch=\"callbacks.initMenu\" tabindex=\"-1\" class=\"wp-block-pages-list__item has-child wp-block-navigation-item open-on-hover-click menu-item-home\"><a class=\"wp-block-pages-list__item__link wp-block-navigation-item__content\" href=\"https:\/\/greenedu-project.eu\/nl\/\">Home<\/a><button data-wp-bind--aria-expanded=\"state.isMenuOpen\" data-wp-on--click=\"actions.toggleMenuOnClick\" aria-label=\"Home submenu\" class=\"wp-block-navigation__submenu-icon wp-block-navigation-submenu__toggle\" ><svg xmlns=\"http:\/\/www.w3.org\/2000\/svg\" width=\"12\" height=\"12\" viewbox=\"0 0 12 12\" fill=\"none\" aria-hidden=\"true\" focusable=\"false\"><path d=\"M1.50002 4L6.00002 8L10.5 4\" stroke-width=\"1.5\"><\/path><\/svg><\/button><ul data-wp-on--focus=\"actions.openMenuOnFocus\" class=\"wp-block-navigation__submenu-container\"><li class=\"wp-block-pages-list__item wp-block-navigation-item open-on-hover-click\"><a class=\"wp-block-pages-list__item__link wp-block-navigation-item__content\" href=\"https:\/\/greenedu-project.eu\/nl\/home\/about-us-old\/\">About us &#8211; Old<\/a><\/li><li class=\"wp-block-pages-list__item wp-block-navigation-item open-on-hover-click\"><a class=\"wp-block-pages-list__item__link wp-block-navigation-item__content\" href=\"https:\/\/greenedu-project.eu\/nl\/home\/partners-old\/\">Partners &#8211; old<\/a><\/li><\/ul><\/li><li data-wp-context=\"{ &quot;submenuOpenedBy&quot;: { &quot;click&quot;: false, &quot;hover&quot;: false, &quot;focus&quot;: false }, &quot;type&quot;: &quot;submenu&quot;, &quot;modal&quot;: null, &quot;previousFocus&quot;: null }\" data-wp-interactive=\"core\/navigation\" data-wp-on--focusout=\"actions.handleMenuFocusout\" data-wp-on--keydown=\"actions.handleMenuKeydown\" data-wp-on--mouseenter=\"actions.openMenuOnHover\" data-wp-on--mouseleave=\"actions.closeMenuOnHover\" data-wp-watch=\"callbacks.initMenu\" tabindex=\"-1\" class=\"wp-block-pages-list__item has-child wp-block-navigation-item open-on-hover-click\"><a class=\"wp-block-pages-list__item__link wp-block-navigation-item__content\" href=\"https:\/\/greenedu-project.eu\/nl\/home-draft\/\">Home (draft)<\/a><button data-wp-bind--aria-expanded=\"state.isMenuOpen\" data-wp-on--click=\"actions.toggleMenuOnClick\" aria-label=\"Home (draft) submenu\" class=\"wp-block-navigation__submenu-icon wp-block-navigation-submenu__toggle\" ><svg xmlns=\"http:\/\/www.w3.org\/2000\/svg\" width=\"12\" height=\"12\" viewbox=\"0 0 12 12\" fill=\"none\" aria-hidden=\"true\" focusable=\"false\"><path d=\"M1.50002 4L6.00002 8L10.5 4\" stroke-width=\"1.5\"><\/path><\/svg><\/button><ul data-wp-on--focus=\"actions.openMenuOnFocus\" class=\"wp-block-navigation__submenu-container\"><li class=\"wp-block-pages-list__item wp-block-navigation-item open-on-hover-click\"><a class=\"wp-block-pages-list__item__link wp-block-navigation-item__content\" href=\"https:\/\/greenedu-project.eu\/nl\/home-draft\/news-copy\/\">News &#8211; Copy<\/a><\/li><\/ul><\/li><li class=\"wp-block-pages-list__item wp-block-navigation-item open-on-hover-click\"><a class=\"wp-block-pages-list__item__link wp-block-navigation-item__content\" href=\"https:\/\/greenedu-project.eu\/nl\/greenedu-newsletter\/\">Newsletter Sign up<\/a><\/li><li class=\"wp-block-pages-list__item wp-block-navigation-item open-on-hover-click\"><a class=\"wp-block-pages-list__item__link wp-block-navigation-item__content\" href=\"https:\/\/greenedu-project.eu\/nl\/newsletter-sign-up-02\/\">Newsletter Sign up 02<\/a><\/li><li class=\"wp-block-pages-list__item wp-block-navigation-item open-on-hover-click\"><a class=\"wp-block-pages-list__item__link wp-block-navigation-item__content\" href=\"https:\/\/greenedu-project.eu\/nl\/page-template\/\">Page Template<\/a><\/li><li class=\"wp-block-pages-list__item wp-block-navigation-item open-on-hover-click\"><a class=\"wp-block-pages-list__item__link wp-block-navigation-item__content\" href=\"https:\/\/greenedu-project.eu\/nl\/partners\/\">Partners<\/a><\/li><li class=\"wp-block-pages-list__item wp-block-navigation-item open-on-hover-click\"><a class=\"wp-block-pages-list__item__link wp-block-navigation-item__content\" href=\"https:\/\/greenedu-project.eu\/nl\/partners-draft\/\">Partners (Draft)<\/a><\/li><li class=\"wp-block-pages-list__item wp-block-navigation-item open-on-hover-click\"><a class=\"wp-block-pages-list__item__link wp-block-navigation-item__content\" href=\"https:\/\/greenedu-project.eu\/nl\/posts\/\">Berichten<\/a><\/li><li class=\"wp-block-pages-list__item wp-block-navigation-item open-on-hover-click\"><a class=\"wp-block-pages-list__item__link wp-block-navigation-item__content\" href=\"https:\/\/greenedu-project.eu\/nl\/results\/\">Resultaten<\/a><\/li><\/ul><\/ul>\n\t\t\t\t\t\t\t<\/div>\n\t\t\t\t\t\t<\/div>\n\t\t\t\t\t<\/div>\n\t\t\t\t<\/div><\/nav>\n\n\n<p><\/p>","protected":false},"excerpt":{"rendered":"","protected":false},"author":1,"featured_media":0,"parent":0,"menu_order":0,"comment_status":"closed","ping_status":"closed","template":"","meta":{"_eb_attr":"","footnotes":""},"class_list":["post-459","page","type-page","status-publish","hentry"],"yoast_head":"<!-- This site is optimized with the Yoast SEO plugin v27.4 - https:\/\/yoast.com\/product\/yoast-seo-wordpress\/ -->\n<title>Partners (Draft) - GreenEDU<\/title>\n<meta name=\"robots\" content=\"index, follow, max-snippet:-1, max-image-preview:large, max-video-preview:-1\" \/>\n<link rel=\"canonical\" href=\"https:\/\/greenedu-project.eu\/nl\/partners-draft\/\" \/>\n<meta property=\"og:locale\" content=\"nl_BE\" \/>\n<meta property=\"og:type\" content=\"article\" \/>\n<meta property=\"og:title\" content=\"Partners (Draft) - GreenEDU\" \/>\n<meta property=\"og:url\" content=\"https:\/\/greenedu-project.eu\/nl\/partners-draft\/\" \/>\n<meta property=\"og:site_name\" content=\"GreenEDU\" \/>\n<meta property=\"article:modified_time\" content=\"2025-11-17T06:53:15+00:00\" \/>\n<meta name=\"twitter:card\" content=\"summary_large_image\" \/>\n<meta name=\"twitter:label1\" content=\"Geschatte leestijd\" \/>\n\t<meta name=\"twitter:data1\" content=\"3 minuten\" \/>\n<script type=\"application\/ld+json\" class=\"yoast-schema-graph\">{\"@context\":\"https:\\\/\\\/schema.org\",\"@graph\":[{\"@type\":\"WebPage\",\"@id\":\"https:\\\/\\\/greenedu-project.eu\\\/et\\\/partners-draft\\\/\",\"url\":\"https:\\\/\\\/greenedu-project.eu\\\/et\\\/partners-draft\\\/\",\"name\":\"Partners (Draft) - GreenEDU\",\"isPartOf\":{\"@id\":\"https:\\\/\\\/greenedu-project.eu\\\/grc\\\/#website\"},\"datePublished\":\"2025-06-05T16:00:52+00:00\",\"dateModified\":\"2025-11-17T06:53:15+00:00\",\"breadcrumb\":{\"@id\":\"https:\\\/\\\/greenedu-project.eu\\\/et\\\/partners-draft\\\/#breadcrumb\"},\"inLanguage\":\"nl-BE\",\"potentialAction\":[{\"@type\":\"ReadAction\",\"target\":[\"https:\\\/\\\/greenedu-project.eu\\\/et\\\/partners-draft\\\/\"]}]},{\"@type\":\"BreadcrumbList\",\"@id\":\"https:\\\/\\\/greenedu-project.eu\\\/et\\\/partners-draft\\\/#breadcrumb\",\"itemListElement\":[{\"@type\":\"ListItem\",\"position\":1,\"name\":\"Home\",\"item\":\"https:\\\/\\\/greenedu-project.eu\\\/pl\\\/\"},{\"@type\":\"ListItem\",\"position\":2,\"name\":\"Partners (Draft)\"}]},{\"@type\":\"WebSite\",\"@id\":\"https:\\\/\\\/greenedu-project.eu\\\/grc\\\/#website\",\"url\":\"https:\\\/\\\/greenedu-project.eu\\\/grc\\\/\",\"name\":\"GreenEDU\",\"description\":\"Support HE educators and students in developing green and digital skills\",\"publisher\":{\"@id\":\"https:\\\/\\\/greenedu-project.eu\\\/grc\\\/#organization\"},\"potentialAction\":[{\"@type\":\"SearchAction\",\"target\":{\"@type\":\"EntryPoint\",\"urlTemplate\":\"https:\\\/\\\/greenedu-project.eu\\\/grc\\\/?s={search_term_string}\"},\"query-input\":{\"@type\":\"PropertyValueSpecification\",\"valueRequired\":true,\"valueName\":\"search_term_string\"}}],\"inLanguage\":\"nl-BE\"},{\"@type\":\"Organization\",\"@id\":\"https:\\\/\\\/greenedu-project.eu\\\/grc\\\/#organization\",\"name\":\"GreenEDU\",\"url\":\"https:\\\/\\\/greenedu-project.eu\\\/grc\\\/\",\"logo\":{\"@type\":\"ImageObject\",\"inLanguage\":\"nl-BE\",\"@id\":\"https:\\\/\\\/greenedu-project.eu\\\/grc\\\/#\\\/schema\\\/logo\\\/image\\\/\",\"url\":\"https:\\\/\\\/greenedu-project.eu\\\/wp-content\\\/uploads\\\/2025\\\/03\\\/GreenEDU-logo-Color-horizontal-1.png\",\"contentUrl\":\"https:\\\/\\\/greenedu-project.eu\\\/wp-content\\\/uploads\\\/2025\\\/03\\\/GreenEDU-logo-Color-horizontal-1.png\",\"width\":677,\"height\":319,\"caption\":\"GreenEDU\"},\"image\":{\"@id\":\"https:\\\/\\\/greenedu-project.eu\\\/grc\\\/#\\\/schema\\\/logo\\\/image\\\/\"}}]}<\/script>\n<!-- \/ Yoast SEO plugin. -->","yoast_head_json":{"title":"Partners (Draft) - GreenEDU","robots":{"index":"index","follow":"follow","max-snippet":"max-snippet:-1","max-image-preview":"max-image-preview:large","max-video-preview":"max-video-preview:-1"},"canonical":"https:\/\/greenedu-project.eu\/nl\/partners-draft\/","og_locale":"nl_BE","og_type":"article","og_title":"Partners (Draft) - GreenEDU","og_url":"https:\/\/greenedu-project.eu\/nl\/partners-draft\/","og_site_name":"GreenEDU","article_modified_time":"2025-11-17T06:53:15+00:00","twitter_card":"summary_large_image","twitter_misc":{"Geschatte leestijd":"3 minuten"},"schema":{"@context":"https:\/\/schema.org","@graph":[{"@type":"WebPage","@id":"https:\/\/greenedu-project.eu\/et\/partners-draft\/","url":"https:\/\/greenedu-project.eu\/et\/partners-draft\/","name":"Partners (Draft) - GreenEDU","isPartOf":{"@id":"https:\/\/greenedu-project.eu\/grc\/#website"},"datePublished":"2025-06-05T16:00:52+00:00","dateModified":"2025-11-17T06:53:15+00:00","breadcrumb":{"@id":"https:\/\/greenedu-project.eu\/et\/partners-draft\/#breadcrumb"},"inLanguage":"nl-BE","potentialAction":[{"@type":"ReadAction","target":["https:\/\/greenedu-project.eu\/et\/partners-draft\/"]}]},{"@type":"BreadcrumbList","@id":"https:\/\/greenedu-project.eu\/et\/partners-draft\/#breadcrumb","itemListElement":[{"@type":"ListItem","position":1,"name":"Home","item":"https:\/\/greenedu-project.eu\/pl\/"},{"@type":"ListItem","position":2,"name":"Partners (Draft)"}]},{"@type":"WebSite","@id":"https:\/\/greenedu-project.eu\/grc\/#website","url":"https:\/\/greenedu-project.eu\/grc\/","name":"GreenEDU","description":"Onderwijzers en studenten in het hoger onderwijs ondersteunen bij het ontwikkelen van groene en digitale vaardigheden","publisher":{"@id":"https:\/\/greenedu-project.eu\/grc\/#organization"},"potentialAction":[{"@type":"SearchAction","target":{"@type":"EntryPoint","urlTemplate":"https:\/\/greenedu-project.eu\/grc\/?s={search_term_string}"},"query-input":{"@type":"PropertyValueSpecification","valueRequired":true,"valueName":"search_term_string"}}],"inLanguage":"nl-BE"},{"@type":"Organization","@id":"https:\/\/greenedu-project.eu\/grc\/#organization","name":"GreenEDU","url":"https:\/\/greenedu-project.eu\/grc\/","logo":{"@type":"ImageObject","inLanguage":"nl-BE","@id":"https:\/\/greenedu-project.eu\/grc\/#\/schema\/logo\/image\/","url":"https:\/\/greenedu-project.eu\/wp-content\/uploads\/2025\/03\/GreenEDU-logo-Color-horizontal-1.png","contentUrl":"https:\/\/greenedu-project.eu\/wp-content\/uploads\/2025\/03\/GreenEDU-logo-Color-horizontal-1.png","width":677,"height":319,"caption":"GreenEDU"},"image":{"@id":"https:\/\/greenedu-project.eu\/grc\/#\/schema\/logo\/image\/"}}]}},"_links":{"self":[{"href":"https:\/\/greenedu-project.eu\/nl\/wp-json\/wp\/v2\/pages\/459","targetHints":{"allow":["GET"]}}],"collection":[{"href":"https:\/\/greenedu-project.eu\/nl\/wp-json\/wp\/v2\/pages"}],"about":[{"href":"https:\/\/greenedu-project.eu\/nl\/wp-json\/wp\/v2\/types\/page"}],"author":[{"embeddable":true,"href":"https:\/\/greenedu-project.eu\/nl\/wp-json\/wp\/v2\/users\/1"}],"replies":[{"embeddable":true,"href":"https:\/\/greenedu-project.eu\/nl\/wp-json\/wp\/v2\/comments?post=459"}],"version-history":[{"count":3,"href":"https:\/\/greenedu-project.eu\/nl\/wp-json\/wp\/v2\/pages\/459\/revisions"}],"predecessor-version":[{"id":650,"href":"https:\/\/greenedu-project.eu\/nl\/wp-json\/wp\/v2\/pages\/459\/revisions\/650"}],"wp:attachment":[{"href":"https:\/\/greenedu-project.eu\/nl\/wp-json\/wp\/v2\/media?parent=459"}],"curies":[{"name":"wp","href":"https:\/\/api.w.org\/{rel}","templated":true}]}}