{"id":459,"date":"2025-06-05T16:00:52","date_gmt":"2025-06-05T16:00:52","guid":{"rendered":"https:\/\/greenedu-project.eu\/?page_id=459"},"modified":"2025-11-17T06:53:15","modified_gmt":"2025-11-17T06:53:15","slug":"partners-draft","status":"publish","type":"page","link":"https:\/\/greenedu-project.eu\/pl\/partners-draft\/","title":{"rendered":"Partners (Draft)"},"content":{"rendered":"<div class=\"wp-block-essential-blocks-advanced-tabs alignwide  root-eb-advanced-tabs-lkeia\"><div class=\"eb-parent-wrapper eb-parent-eb-advanced-tabs-lkeia\"><div class=\"eb-advanced-tabs-lkeia eb-advanced-tabs-wrapper horizontal\" data-min-height=\"true\"><div class=\"eb-tabs-nav\"><ul class=\"tabTitles\" data-tabs-ul-id=\"eb-advanced-tabs-lkeia\"><li data-title-tab-id=\"6\" class=\"active\"><i icon=\"fas fa-home\" class=\"fas fa-home tabIcon\"><\/i><h6 class=\"tab-title-text\">TUL<\/h6><\/li><li data-title-tab-id=\"1\" data-title-custom-id=\"\" class=\"inactive\"><i icon=\"fas fa-home\" class=\"fas fa-home tabIcon\"><\/i><h6 class=\"tab-title-text\">UNIC<\/h6><\/li><li data-title-tab-id=\"2\" data-title-custom-id=\"\" class=\"inactive\"><i icon=\"fas fa-home\" class=\"fas fa-home tabIcon\"><\/i><h6 class=\"tab-title-text\">VIVES<\/h6><\/li><li data-title-tab-id=\"3\" data-title-custom-id=\"\" class=\"inactive\"><i icon=\"fas fa-home\" class=\"fas fa-home tabIcon\"><\/i><h6 class=\"tab-title-text\">CleverMind<\/h6><\/li><li data-title-tab-id=\"5\" class=\"inactive\"><i icon=\"fas fa-home\" class=\"fas fa-home tabIcon\"><\/i><h6 class=\"tab-title-text\">INNOVADE<\/h6><\/li><li data-title-tab-id=\"7\" class=\"inactive\"><i icon=\"fas fa-home\" class=\"fas fa-home tabIcon\"><\/i><h6 class=\"tab-title-text\">UT<\/h6><\/li><\/ul><\/div><div class=\"eb-tabs-contents\">\n<div class=\"eb-tab-wrapper\" data-tab-id=\"1\" data-tab-parent-id=\"eb-advanced-tabs-lkeia\"><div class=\"eb-tab-inner\">\n<div class=\"wp-block-essential-blocks-text  root-eb-text-f53qu\"><div class=\"eb-parent-wrapper eb-parent-eb-text-f53qu\"><div class=\"eb-text-wrapper eb-text-f53qu\" data-id=\"eb-text-f53qu\"><p class=\"eb-text\"><strong>Wprowadzenie<\/strong><br><br>&#8230;<br><br><strong>UNIC&#8217;s role in GreenEDU<\/strong><br><br><strong>UNIC <\/strong>is the leader for <strong>WP2<\/strong>: e-Toolkit and Green Higher Education (HE) strategy. This work package aims to prepare and implement a Green Higher Education Action Plan to help improve the green skills and competencies of HE students and build the capacity of HE educators to use Mobile Augmented Reality to teach students how to address the green economy and the changing labor market, especially in the STEM, education, and business sectors. As part of this WP, UNIC will lead the development of the GreenEDU Higher Education Strategy to enable the activities and results of the project and the creation of the GreenEDU e-Toolkit which will provide guidelines and theoretical material to HE educators to assist them in transferring the relevant knowledge to their students.<\/p><\/div><\/div><\/div>\n<\/div><\/div>\n\n\n\n<div class=\"eb-tab-wrapper\" data-tab-id=\"2\" data-tab-parent-id=\"eb-advanced-tabs-lkeia\"><div class=\"eb-tab-inner\">\n<div class=\"wp-block-essential-blocks-text  root-eb-text-64mb0\"><div class=\"eb-parent-wrapper eb-parent-eb-text-64mb0\"><div class=\"eb-text-wrapper eb-text-64mb0\" data-id=\"eb-text-64mb0\"><p class=\"eb-text\"><strong>Wprowadzenie<\/strong><br><br>&#8230;<br><br><strong>VIVES&#8217;s role in GreenEDU<\/strong><br><br><strong>VIVES <\/strong>University of Applied Sciences is in the lead for <strong>WP3<\/strong>, which focuses on designing and developing a GreenEDU AR Green Curriculum aimed at building the capacity of higher education (HE) educators and institutions. This curriculum will enable HE students to enhance their green skills and competencies through the use of Mobile Augmented Reality (MARG), addressing the changing economy and environmental challenges. The objectives of this work package are: 1) developing a green curriculum to equip educators with the necessary knowledge about the green economy and digital transformation; 2) building educators&#8217; capacity to use AR in addressing environmental change and green economy opportunities; and 3) creating a GreenEDU framework to enhance educators&#8217; understanding of best practices in promoting green and digital transitions.<\/p><\/div><\/div><\/div>\n<\/div><\/div>\n\n\n\n<div class=\"eb-tab-wrapper\" data-tab-id=\"3\" data-tab-parent-id=\"eb-advanced-tabs-lkeia\"><div class=\"eb-tab-inner\">\n<div class=\"wp-block-essential-blocks-text  root-eb-text-gra6t\"><div class=\"eb-parent-wrapper eb-parent-eb-text-gra6t\"><div class=\"eb-text-wrapper eb-text-gra6t\" data-id=\"eb-text-gra6t\"><p class=\"eb-text\"><strong>Wprowadzenie<\/strong><br><br>&#8230;<br><br><strong>CLeverMind&#8217;s role in GreenEDU<\/strong><br><br><strong>CleverMind <\/strong>is co-leading <strong>WP4<\/strong>: GreenEDU Digital Escape Rooms. This WP focuses on developing innovative pedagogical quality resources for HE educators to use and improve HE students\u2019 green skills and competencies and engagement towards the green economy and Increase awareness of students about the significance of the changing labor market through the set of Digital Escape Rooms to support both target groups, HE educators and students. CleverMind is responsible for preparation of 6 Animation GreenEDU video series linked with the Digital Escape Rooms to raise awareness among HE students and enable them to change behaviour, be climate-conscious and contribute to the green transition by the use of their skills and compete.<\/p><\/div><\/div><\/div>\n<\/div><\/div>\n\n\n\n<div class=\"eb-tab-wrapper\" data-tab-id=\"5\" data-tab-parent-id=\"eb-advanced-tabs-lkeia\"><div class=\"eb-tab-inner\">\n<div class=\"wp-block-essential-blocks-text  root-eb-text-vdbc6\"><div class=\"eb-parent-wrapper eb-parent-eb-text-vdbc6\"><div class=\"eb-text-wrapper eb-text-vdbc6\" data-id=\"eb-text-vdbc6\"><p class=\"eb-text\"><strong>Wprowadzenie<\/strong><br><br>&#8230;<br><br><strong>INNOVADE&#8217;s role in GreenEDU<\/strong><br><br><strong>INNOVADE <\/strong>wsp\u00f3\u0142prowadz\u0105cy <strong>WP4<\/strong>kt\u00f3ra koncentruje si\u0119 na projektowaniu i rozwoju innowacyjnych cyfrowych pokoj\u00f3w ucieczki jako narz\u0119dzia pedagogicznego w celu zwi\u0119kszenia ekologicznych i cyfrowych umiej\u0119tno\u015bci uczni\u00f3w. Integruj\u0105c grywalizacj\u0119 i wci\u0105gaj\u0105ce strategie uczenia si\u0119, INNOVADE d\u0105\u017cy do zwi\u0119kszenia motywacji uczni\u00f3w, wspierania krytycznego my\u015blenia i promowania aktywnego uczenia si\u0119 na tematy zwi\u0105zane ze zr\u00f3wnowa\u017conym rozwojem i dzia\u0142aniami na rzecz klimatu.<br>Ponadto INNOVADE z dum\u0105 wsp\u00f3\u0142organizowa\u0142o spotkanie inauguracyjne projektu w Nikozji, demonstruj\u0105c swoje zaanga\u017cowanie we wsp\u00f3\u0142prac\u0119 mi\u0119dzysektorow\u0105 i skuteczn\u0105 koordynacj\u0119 projektu od samego pocz\u0105tku. Poprzez te dzia\u0142ania INNOVADE d\u0105\u017cy do maksymalizacji wp\u0142ywu i zr\u00f3wnowa\u017conego rozwoju wynik\u00f3w GreenEDU zar\u00f3wno na szczeblu krajowym, jak i europejskim.<\/p><\/div><\/div><\/div>\n<\/div><\/div>\n\n\n\n<div class=\"eb-tab-wrapper\" data-tab-id=\"6\" data-tab-parent-id=\"eb-advanced-tabs-lkeia\"><div class=\"eb-tab-inner\">\n<div class=\"wp-block-essential-blocks-text  root-eb-text-bg0sl\"><div class=\"eb-parent-wrapper eb-parent-eb-text-bg0sl\"><div class=\"eb-text-wrapper eb-text-bg0sl\" data-id=\"eb-text-bg0sl\"><p class=\"eb-text\"><strong>Wprowadzenie<\/strong><br><br>Politechnika \u0141\u00f3dzka, Lodz University of Technology (TUL), za\u0142o\u017cona w 1945 r., jest jedn\u0105 z wiod\u0105cych uczelni technicznych w Polsce. Z siln\u0105 tradycj\u0105 w dziedzinie in\u017cynierii i technologii, uniwersytet szczyci si\u0119 bogat\u0105 histori\u0105 akademick\u0105, innowacyjnymi badaniami i zaanga\u017cowaniem w promowanie wysoko wykwalifikowanych specjalist\u00f3w. TUL oferuje r\u00f3\u017cnorodne programy obejmuj\u0105ce in\u017cynieri\u0119, technologi\u0119 i nauki stosowane, przyci\u0105gaj\u0105c student\u00f3w i naukowc\u00f3w z ca\u0142ego \u015bwiata. Uniwersytet jest znany ze swojego wk\u0142adu w post\u0119p naukowy i zaanga\u017cowanie w zr\u00f3wnowa\u017cony rozw\u00f3j i innowacje technologiczne.<br><br><strong>TUL&#8217;s role in GreenEDU<\/strong><br><br>Politechnika \u0141\u00f3dzka przyczynia si\u0119 do realizacji projektu GreenEDU poprzez kilka kluczowych dzia\u0142a\u0144, np:<br><br>- Do\u015bwiadczenie w zakresie zr\u00f3wnowa\u017conego rozwoju i zielonych technologii: wykorzystuj\u0105c swoje silne do\u015bwiadczenie w in\u017cynierii \u015brodowiska i zr\u00f3wnowa\u017conych praktykach, P\u0141 zapewnia wiedz\u0119 akademick\u0105 i zasoby edukacyjne niezb\u0119dne do opracowania program\u00f3w nauczania i materia\u0142\u00f3w edukacyjnych.<br>- Badania i rozw\u00f3j: Mo\u017cliwo\u015bci badawcze uniwersytetu wspieraj\u0105 tworzenie i rozpowszechnianie nowej wiedzy i innowacji na styku szkolnictwa wy\u017cszego i zielonej gospodarki.<br>- Opracowywanie program\u00f3w nauczania: TUL prowadzi projektowanie i wdra\u017canie modu\u0142\u00f3w edukacyjnych, kt\u00f3re wype\u0142niaj\u0105 luki w edukacji i umiej\u0119tno\u015bciach, przygotowuj\u0105c student\u00f3w do przysz\u0142ych r\u00f3l w zielonej gospodarce.<\/p><\/div><\/div><\/div>\n<\/div><\/div>\n\n\n\n<div class=\"eb-tab-wrapper\" data-tab-id=\"7\" data-tab-parent-id=\"eb-advanced-tabs-lkeia\"><div class=\"eb-tab-inner\">\n<div class=\"wp-block-essential-blocks-text  root-eb-text-gnhjv\"><div class=\"eb-parent-wrapper eb-parent-eb-text-gnhjv\"><div class=\"eb-text-wrapper eb-text-gnhjv\" data-id=\"eb-text-gnhjv\"><p class=\"eb-text\"><strong>Wprowadzenie<\/strong><br><br>&#8230;<br><br><strong>UT&#8217;s role in GreenEDU<\/strong><\/p><\/div><\/div><\/div>\n<\/div><\/div>\n<\/div><\/div><\/div><\/div>\n\n\n<nav class=\"is-responsive wp-block-navigation is-layout-flex wp-block-navigation-is-layout-flex\" aria-label=\"Navigation\" \n\t\t data-wp-interactive=\"core\/navigation\" data-wp-context='{\"overlayOpenedBy\":{\"click\":false,\"hover\":false,\"focus\":false},\"type\":\"overlay\",\"roleAttribute\":\"\",\"ariaLabel\":\"Menu\"}'><button aria-haspopup=\"dialog\" aria-label=\"Rozwi\u0144 menu\" class=\"wp-block-navigation__responsive-container-open\" \n\t\t\t\tdata-wp-on--click=\"actions.openMenuOnClick\"\n\t\t\t\tdata-wp-on--keydown=\"actions.handleMenuKeydown\"\n\t\t\t><svg width=\"24\" height=\"24\" xmlns=\"http:\/\/www.w3.org\/2000\/svg\" viewbox=\"0 0 24 24\" aria-hidden=\"true\" focusable=\"false\"><path d=\"M4 7.5h16v1.5H4z\"><\/path><path d=\"M4 15h16v1.5H4z\"><\/path><\/svg><\/button>\n\t\t\t\t<div class=\"wp-block-navigation__responsive-container\"  id=\"modal-1\" \n\t\t\t\tdata-wp-class--has-modal-open=\"state.isMenuOpen\"\n\t\t\t\tdata-wp-class--is-menu-open=\"state.isMenuOpen\"\n\t\t\t\tdata-wp-watch=\"callbacks.initMenu\"\n\t\t\t\tdata-wp-on--keydown=\"actions.handleMenuKeydown\"\n\t\t\t\tdata-wp-on--focusout=\"actions.handleMenuFocusout\"\n\t\t\t\ttabindex=\"-1\"\n\t\t\t>\n\t\t\t\t\t<div class=\"wp-block-navigation__responsive-close\" tabindex=\"-1\">\n\t\t\t\t\t\t<div class=\"wp-block-navigation__responsive-dialog\" \n\t\t\t\tdata-wp-bind--aria-modal=\"state.ariaModal\"\n\t\t\t\tdata-wp-bind--aria-label=\"state.ariaLabel\"\n\t\t\t\tdata-wp-bind--role=\"state.roleAttribute\"\n\t\t\t>\n\t\t\t\t\t\t\t<button aria-label=\"Zamknij menu\" class=\"wp-block-navigation__responsive-container-close\" \n\t\t\t\tdata-wp-on--click=\"actions.closeMenuOnClick\"\n\t\t\t><svg xmlns=\"http:\/\/www.w3.org\/2000\/svg\" viewbox=\"0 0 24 24\" width=\"24\" height=\"24\" aria-hidden=\"true\" focusable=\"false\"><path d=\"m13.06 12 6.47-6.47-1.06-1.06L12 10.94 5.53 4.47 4.47 5.53 10.94 12l-6.47 6.47 1.06 1.06L12 13.06l6.47 6.47 1.06-1.06L13.06 12Z\"><\/path><\/svg><\/button>\n\t\t\t\t\t\t\t<div class=\"wp-block-navigation__responsive-container-content\" \n\t\t\t\tdata-wp-watch=\"callbacks.focusFirstElement\"\n\t\t\t id=\"modal-1-content\">\n\t\t\t\t\t\t\t\t<ul class=\"wp-block-navigation__container is-responsive wp-block-navigation\"><ul class=\"wp-block-page-list\"><li class=\"wp-block-pages-list__item wp-block-navigation-item open-on-hover-click\"><a class=\"wp-block-pages-list__item__link wp-block-navigation-item__content\" href=\"https:\/\/greenedu-project.eu\/pl\/about-us\/\">O nas<\/a><\/li><li class=\"wp-block-pages-list__item wp-block-navigation-item open-on-hover-click\"><a class=\"wp-block-pages-list__item__link wp-block-navigation-item__content\" href=\"https:\/\/greenedu-project.eu\/pl\/contact-us\/\">Skontaktuj<\/a><\/li><li class=\"wp-block-pages-list__item wp-block-navigation-item open-on-hover-click\"><a class=\"wp-block-pages-list__item__link wp-block-navigation-item__content\" href=\"https:\/\/greenedu-project.eu\/pl\/customer-cabinet\/\">Customer Cabinet<\/a><\/li><li data-wp-context=\"{ &quot;submenuOpenedBy&quot;: { &quot;click&quot;: false, &quot;hover&quot;: false, &quot;focus&quot;: false }, &quot;type&quot;: &quot;submenu&quot;, &quot;modal&quot;: null, &quot;previousFocus&quot;: null }\" data-wp-interactive=\"core\/navigation\" data-wp-on--focusout=\"actions.handleMenuFocusout\" data-wp-on--keydown=\"actions.handleMenuKeydown\" data-wp-on--mouseenter=\"actions.openMenuOnHover\" data-wp-on--mouseleave=\"actions.closeMenuOnHover\" data-wp-watch=\"callbacks.initMenu\" tabindex=\"-1\" class=\"wp-block-pages-list__item has-child wp-block-navigation-item open-on-hover-click menu-item-home\"><a class=\"wp-block-pages-list__item__link wp-block-navigation-item__content\" href=\"https:\/\/greenedu-project.eu\/pl\/\">Dom<\/a><button data-wp-bind--aria-expanded=\"state.isMenuOpen\" data-wp-on--click=\"actions.toggleMenuOnClick\" aria-label=\"Home podmenu\" class=\"wp-block-navigation__submenu-icon wp-block-navigation-submenu__toggle\" ><svg xmlns=\"http:\/\/www.w3.org\/2000\/svg\" width=\"12\" height=\"12\" viewbox=\"0 0 12 12\" fill=\"none\" aria-hidden=\"true\" focusable=\"false\"><path d=\"M1.50002 4L6.00002 8L10.5 4\" stroke-width=\"1.5\"><\/path><\/svg><\/button><ul data-wp-on--focus=\"actions.openMenuOnFocus\" class=\"wp-block-navigation__submenu-container\"><li class=\"wp-block-pages-list__item wp-block-navigation-item open-on-hover-click\"><a class=\"wp-block-pages-list__item__link wp-block-navigation-item__content\" href=\"https:\/\/greenedu-project.eu\/pl\/home\/about-us-old\/\">About us &#8211; Old<\/a><\/li><li class=\"wp-block-pages-list__item wp-block-navigation-item open-on-hover-click\"><a class=\"wp-block-pages-list__item__link wp-block-navigation-item__content\" href=\"https:\/\/greenedu-project.eu\/pl\/home\/partners-old\/\">Partners &#8211; old<\/a><\/li><\/ul><\/li><li data-wp-context=\"{ &quot;submenuOpenedBy&quot;: { &quot;click&quot;: false, &quot;hover&quot;: false, &quot;focus&quot;: false }, &quot;type&quot;: &quot;submenu&quot;, &quot;modal&quot;: null, &quot;previousFocus&quot;: null }\" data-wp-interactive=\"core\/navigation\" data-wp-on--focusout=\"actions.handleMenuFocusout\" data-wp-on--keydown=\"actions.handleMenuKeydown\" data-wp-on--mouseenter=\"actions.openMenuOnHover\" data-wp-on--mouseleave=\"actions.closeMenuOnHover\" data-wp-watch=\"callbacks.initMenu\" tabindex=\"-1\" class=\"wp-block-pages-list__item has-child wp-block-navigation-item open-on-hover-click\"><a class=\"wp-block-pages-list__item__link wp-block-navigation-item__content\" href=\"https:\/\/greenedu-project.eu\/pl\/home-draft\/\">Home (draft)<\/a><button data-wp-bind--aria-expanded=\"state.isMenuOpen\" data-wp-on--click=\"actions.toggleMenuOnClick\" aria-label=\"Home (draft) podmenu\" class=\"wp-block-navigation__submenu-icon wp-block-navigation-submenu__toggle\" ><svg xmlns=\"http:\/\/www.w3.org\/2000\/svg\" width=\"12\" height=\"12\" viewbox=\"0 0 12 12\" fill=\"none\" aria-hidden=\"true\" focusable=\"false\"><path d=\"M1.50002 4L6.00002 8L10.5 4\" stroke-width=\"1.5\"><\/path><\/svg><\/button><ul data-wp-on--focus=\"actions.openMenuOnFocus\" class=\"wp-block-navigation__submenu-container\"><li class=\"wp-block-pages-list__item wp-block-navigation-item open-on-hover-click\"><a class=\"wp-block-pages-list__item__link wp-block-navigation-item__content\" href=\"https:\/\/greenedu-project.eu\/pl\/home-draft\/news-copy\/\">News &#8211; Copy<\/a><\/li><\/ul><\/li><li class=\"wp-block-pages-list__item wp-block-navigation-item open-on-hover-click\"><a class=\"wp-block-pages-list__item__link wp-block-navigation-item__content\" href=\"https:\/\/greenedu-project.eu\/pl\/greenedu-newsletter\/\">Zapisz si\u0119 do newslettera<\/a><\/li><li class=\"wp-block-pages-list__item wp-block-navigation-item open-on-hover-click\"><a class=\"wp-block-pages-list__item__link wp-block-navigation-item__content\" href=\"https:\/\/greenedu-project.eu\/pl\/newsletter-sign-up-02\/\">Newsletter Sign up 02<\/a><\/li><li class=\"wp-block-pages-list__item wp-block-navigation-item open-on-hover-click\"><a class=\"wp-block-pages-list__item__link wp-block-navigation-item__content\" href=\"https:\/\/greenedu-project.eu\/pl\/page-template\/\">Page Template<\/a><\/li><li class=\"wp-block-pages-list__item wp-block-navigation-item open-on-hover-click\"><a class=\"wp-block-pages-list__item__link wp-block-navigation-item__content\" href=\"https:\/\/greenedu-project.eu\/pl\/partners\/\">Partnerzy<\/a><\/li><li class=\"wp-block-pages-list__item wp-block-navigation-item open-on-hover-click\"><a class=\"wp-block-pages-list__item__link wp-block-navigation-item__content\" href=\"https:\/\/greenedu-project.eu\/pl\/partners-draft\/\">Partners (Draft)<\/a><\/li><li class=\"wp-block-pages-list__item wp-block-navigation-item open-on-hover-click\"><a class=\"wp-block-pages-list__item__link wp-block-navigation-item__content\" href=\"https:\/\/greenedu-project.eu\/pl\/posts\/\">Posty<\/a><\/li><li class=\"wp-block-pages-list__item wp-block-navigation-item open-on-hover-click\"><a class=\"wp-block-pages-list__item__link wp-block-navigation-item__content\" href=\"https:\/\/greenedu-project.eu\/pl\/results\/\">Wyniki<\/a><\/li><\/ul><\/ul>\n\t\t\t\t\t\t\t<\/div>\n\t\t\t\t\t\t<\/div>\n\t\t\t\t\t<\/div>\n\t\t\t\t<\/div><\/nav>\n\n\n<p><\/p>","protected":false},"excerpt":{"rendered":"","protected":false},"author":1,"featured_media":0,"parent":0,"menu_order":0,"comment_status":"closed","ping_status":"closed","template":"","meta":{"_eb_attr":"","footnotes":""},"class_list":["post-459","page","type-page","status-publish","hentry"],"yoast_head":"<!-- This site is optimized with the Yoast SEO plugin v27.4 - https:\/\/yoast.com\/product\/yoast-seo-wordpress\/ -->\n<title>Partners (Draft) - GreenEDU<\/title>\n<meta name=\"robots\" content=\"index, follow, max-snippet:-1, max-image-preview:large, max-video-preview:-1\" \/>\n<link rel=\"canonical\" href=\"https:\/\/greenedu-project.eu\/pl\/partners-draft\/\" \/>\n<meta property=\"og:locale\" content=\"pl_PL\" \/>\n<meta property=\"og:type\" content=\"article\" \/>\n<meta property=\"og:title\" content=\"Partners (Draft) - GreenEDU\" \/>\n<meta property=\"og:url\" content=\"https:\/\/greenedu-project.eu\/pl\/partners-draft\/\" \/>\n<meta property=\"og:site_name\" content=\"GreenEDU\" \/>\n<meta property=\"article:modified_time\" content=\"2025-11-17T06:53:15+00:00\" \/>\n<meta name=\"twitter:card\" content=\"summary_large_image\" \/>\n<meta name=\"twitter:label1\" content=\"Szacowany czas czytania\" \/>\n\t<meta name=\"twitter:data1\" content=\"3 minuty\" \/>\n<script type=\"application\/ld+json\" class=\"yoast-schema-graph\">{\"@context\":\"https:\\\/\\\/schema.org\",\"@graph\":[{\"@type\":\"WebPage\",\"@id\":\"https:\\\/\\\/greenedu-project.eu\\\/et\\\/partners-draft\\\/\",\"url\":\"https:\\\/\\\/greenedu-project.eu\\\/et\\\/partners-draft\\\/\",\"name\":\"Partners (Draft) - GreenEDU\",\"isPartOf\":{\"@id\":\"https:\\\/\\\/greenedu-project.eu\\\/grc\\\/#website\"},\"datePublished\":\"2025-06-05T16:00:52+00:00\",\"dateModified\":\"2025-11-17T06:53:15+00:00\",\"breadcrumb\":{\"@id\":\"https:\\\/\\\/greenedu-project.eu\\\/et\\\/partners-draft\\\/#breadcrumb\"},\"inLanguage\":\"pl-PL\",\"potentialAction\":[{\"@type\":\"ReadAction\",\"target\":[\"https:\\\/\\\/greenedu-project.eu\\\/et\\\/partners-draft\\\/\"]}]},{\"@type\":\"BreadcrumbList\",\"@id\":\"https:\\\/\\\/greenedu-project.eu\\\/et\\\/partners-draft\\\/#breadcrumb\",\"itemListElement\":[{\"@type\":\"ListItem\",\"position\":1,\"name\":\"Home\",\"item\":\"https:\\\/\\\/greenedu-project.eu\\\/pl\\\/\"},{\"@type\":\"ListItem\",\"position\":2,\"name\":\"Partners (Draft)\"}]},{\"@type\":\"WebSite\",\"@id\":\"https:\\\/\\\/greenedu-project.eu\\\/grc\\\/#website\",\"url\":\"https:\\\/\\\/greenedu-project.eu\\\/grc\\\/\",\"name\":\"GreenEDU\",\"description\":\"Support HE educators and students in developing green and digital skills\",\"publisher\":{\"@id\":\"https:\\\/\\\/greenedu-project.eu\\\/grc\\\/#organization\"},\"potentialAction\":[{\"@type\":\"SearchAction\",\"target\":{\"@type\":\"EntryPoint\",\"urlTemplate\":\"https:\\\/\\\/greenedu-project.eu\\\/grc\\\/?s={search_term_string}\"},\"query-input\":{\"@type\":\"PropertyValueSpecification\",\"valueRequired\":true,\"valueName\":\"search_term_string\"}}],\"inLanguage\":\"pl-PL\"},{\"@type\":\"Organization\",\"@id\":\"https:\\\/\\\/greenedu-project.eu\\\/grc\\\/#organization\",\"name\":\"GreenEDU\",\"url\":\"https:\\\/\\\/greenedu-project.eu\\\/grc\\\/\",\"logo\":{\"@type\":\"ImageObject\",\"inLanguage\":\"pl-PL\",\"@id\":\"https:\\\/\\\/greenedu-project.eu\\\/grc\\\/#\\\/schema\\\/logo\\\/image\\\/\",\"url\":\"https:\\\/\\\/greenedu-project.eu\\\/wp-content\\\/uploads\\\/2025\\\/03\\\/GreenEDU-logo-Color-horizontal-1.png\",\"contentUrl\":\"https:\\\/\\\/greenedu-project.eu\\\/wp-content\\\/uploads\\\/2025\\\/03\\\/GreenEDU-logo-Color-horizontal-1.png\",\"width\":677,\"height\":319,\"caption\":\"GreenEDU\"},\"image\":{\"@id\":\"https:\\\/\\\/greenedu-project.eu\\\/grc\\\/#\\\/schema\\\/logo\\\/image\\\/\"}}]}<\/script>\n<!-- \/ Yoast SEO plugin. -->","yoast_head_json":{"title":"Partners (Draft) - GreenEDU","robots":{"index":"index","follow":"follow","max-snippet":"max-snippet:-1","max-image-preview":"max-image-preview:large","max-video-preview":"max-video-preview:-1"},"canonical":"https:\/\/greenedu-project.eu\/pl\/partners-draft\/","og_locale":"pl_PL","og_type":"article","og_title":"Partners (Draft) - GreenEDU","og_url":"https:\/\/greenedu-project.eu\/pl\/partners-draft\/","og_site_name":"GreenEDU","article_modified_time":"2025-11-17T06:53:15+00:00","twitter_card":"summary_large_image","twitter_misc":{"Szacowany czas czytania":"3 minuty"},"schema":{"@context":"https:\/\/schema.org","@graph":[{"@type":"WebPage","@id":"https:\/\/greenedu-project.eu\/et\/partners-draft\/","url":"https:\/\/greenedu-project.eu\/et\/partners-draft\/","name":"Partners (Draft) - GreenEDU","isPartOf":{"@id":"https:\/\/greenedu-project.eu\/grc\/#website"},"datePublished":"2025-06-05T16:00:52+00:00","dateModified":"2025-11-17T06:53:15+00:00","breadcrumb":{"@id":"https:\/\/greenedu-project.eu\/et\/partners-draft\/#breadcrumb"},"inLanguage":"pl-PL","potentialAction":[{"@type":"ReadAction","target":["https:\/\/greenedu-project.eu\/et\/partners-draft\/"]}]},{"@type":"BreadcrumbList","@id":"https:\/\/greenedu-project.eu\/et\/partners-draft\/#breadcrumb","itemListElement":[{"@type":"ListItem","position":1,"name":"Home","item":"https:\/\/greenedu-project.eu\/pl\/"},{"@type":"ListItem","position":2,"name":"Partners (Draft)"}]},{"@type":"WebSite","@id":"https:\/\/greenedu-project.eu\/grc\/#website","url":"https:\/\/greenedu-project.eu\/grc\/","name":"GreenEDU","description":"Wspieranie nauczycieli akademickich i student\u00f3w w rozwijaniu umiej\u0119tno\u015bci ekologicznych i cyfrowych","publisher":{"@id":"https:\/\/greenedu-project.eu\/grc\/#organization"},"potentialAction":[{"@type":"SearchAction","target":{"@type":"EntryPoint","urlTemplate":"https:\/\/greenedu-project.eu\/grc\/?s={search_term_string}"},"query-input":{"@type":"PropertyValueSpecification","valueRequired":true,"valueName":"search_term_string"}}],"inLanguage":"pl-PL"},{"@type":"Organization","@id":"https:\/\/greenedu-project.eu\/grc\/#organization","name":"GreenEDU","url":"https:\/\/greenedu-project.eu\/grc\/","logo":{"@type":"ImageObject","inLanguage":"pl-PL","@id":"https:\/\/greenedu-project.eu\/grc\/#\/schema\/logo\/image\/","url":"https:\/\/greenedu-project.eu\/wp-content\/uploads\/2025\/03\/GreenEDU-logo-Color-horizontal-1.png","contentUrl":"https:\/\/greenedu-project.eu\/wp-content\/uploads\/2025\/03\/GreenEDU-logo-Color-horizontal-1.png","width":677,"height":319,"caption":"GreenEDU"},"image":{"@id":"https:\/\/greenedu-project.eu\/grc\/#\/schema\/logo\/image\/"}}]}},"_links":{"self":[{"href":"https:\/\/greenedu-project.eu\/pl\/wp-json\/wp\/v2\/pages\/459","targetHints":{"allow":["GET"]}}],"collection":[{"href":"https:\/\/greenedu-project.eu\/pl\/wp-json\/wp\/v2\/pages"}],"about":[{"href":"https:\/\/greenedu-project.eu\/pl\/wp-json\/wp\/v2\/types\/page"}],"author":[{"embeddable":true,"href":"https:\/\/greenedu-project.eu\/pl\/wp-json\/wp\/v2\/users\/1"}],"replies":[{"embeddable":true,"href":"https:\/\/greenedu-project.eu\/pl\/wp-json\/wp\/v2\/comments?post=459"}],"version-history":[{"count":3,"href":"https:\/\/greenedu-project.eu\/pl\/wp-json\/wp\/v2\/pages\/459\/revisions"}],"predecessor-version":[{"id":650,"href":"https:\/\/greenedu-project.eu\/pl\/wp-json\/wp\/v2\/pages\/459\/revisions\/650"}],"wp:attachment":[{"href":"https:\/\/greenedu-project.eu\/pl\/wp-json\/wp\/v2\/media?parent=459"}],"curies":[{"name":"wp","href":"https:\/\/api.w.org\/{rel}","templated":true}]}}